{"id":6305,"date":"2022-01-13T11:33:30","date_gmt":"2022-01-13T11:33:30","guid":{"rendered":"https:\/\/barcelona.intercontinental.com\/?page_id=6305"},"modified":"2024-06-05T14:49:16","modified_gmt":"2024-06-05T14:49:16","slug":"montjuic","status":"publish","type":"page","link":"https:\/\/barcelona.intercontinental.com\/fr\/montjuic\/","title":{"rendered":"Montju\u00efc"},"content":{"rendered":"\t\t<div data-elementor-type=\"wp-page\" data-elementor-id=\"6305\" class=\"elementor elementor-6305 elementor-6301\" data-elementor-post-type=\"page\">\n\t\t\t\t\t\t\t\t\t<section class=\"elementor-section elementor-top-section elementor-element elementor-element-ec6f851 elementor-section-stretched parallax parallax-room elementor-section-boxed elementor-section-height-default elementor-section-height-default\" data-id=\"ec6f851\" data-element_type=\"section\" data-settings=\"{&quot;stretch_section&quot;:&quot;section-stretched&quot;,&quot;background_background&quot;:&quot;classic&quot;}\">\n\t\t\t\t\t\t<div class=\"elementor-container elementor-column-gap-default\">\n\t\t\t\t\t<div class=\"elementor-column elementor-col-100 elementor-top-column elementor-element elementor-element-533fe74b\" data-id=\"533fe74b\" data-element_type=\"column\">\n\t\t\t<div class=\"elementor-widget-wrap\">\n\t\t\t\t\t\t\t\t\t<\/div>\n\t\t<\/div>\n\t\t\t\t\t\t\t<\/div>\n\t\t<\/section>\n\t\t\t\t<section class=\"elementor-section elementor-top-section elementor-element elementor-element-363815ad elementor-section-stretched elementor-section-boxed elementor-section-height-default elementor-section-height-default\" data-id=\"363815ad\" data-element_type=\"section\" data-settings=\"{&quot;stretch_section&quot;:&quot;section-stretched&quot;}\">\n\t\t\t\t\t\t<div class=\"elementor-container elementor-column-gap-default\">\n\t\t\t\t\t<div class=\"elementor-column elementor-col-100 elementor-top-column elementor-element elementor-element-6d203b4a\" data-id=\"6d203b4a\" data-element_type=\"column\">\n\t\t\t<div class=\"elementor-widget-wrap elementor-element-populated\">\n\t\t\t\t\t\t\t\t<div class=\"elementor-element elementor-element-5d78f8e2 elementor-widget elementor-widget-heading\" data-id=\"5d78f8e2\" data-element_type=\"widget\" data-widget_type=\"heading.default\">\n\t\t\t\t<div class=\"elementor-widget-container\">\n\t\t\t<h2 class=\"elementor-heading-title elementor-size-xl\">MONTJU\u00cfC<\/h2>\t\t<\/div>\n\t\t\t\t<\/div>\n\t\t\t\t<div class=\"elementor-element elementor-element-e16b358 elementor-widget elementor-widget-text-editor\" data-id=\"e16b358\" data-element_type=\"widget\" data-widget_type=\"text-editor.default\">\n\t\t\t\t<div class=\"elementor-widget-container\">\n\t\t\t\t\t\t\t<p style=\"text-align: center; margin-bottom: 0px;\"><span style=\"font-family: gillsans-italic-webfont;\"><span style=\"font-size: 24px;\">Un \u00e9v\u00e9nement unique m\u00e9rite un lieu unique<\/span><\/span><\/p>\t\t\t\t\t\t<\/div>\n\t\t\t\t<\/div>\n\t\t\t\t\t<\/div>\n\t\t<\/div>\n\t\t\t\t\t\t\t<\/div>\n\t\t<\/section>\n\t\t\t\t<section class=\"elementor-section elementor-top-section elementor-element elementor-element-76bb2d6 elementor-section-stretched elementor-section-boxed elementor-section-height-default elementor-section-height-default\" data-id=\"76bb2d6\" data-element_type=\"section\" data-settings=\"{&quot;stretch_section&quot;:&quot;section-stretched&quot;}\">\n\t\t\t\t\t\t<div class=\"elementor-container elementor-column-gap-default\">\n\t\t\t\t\t<div class=\"elementor-column elementor-col-50 elementor-top-column elementor-element elementor-element-a6b0951\" data-id=\"a6b0951\" data-element_type=\"column\">\n\t\t\t<div class=\"elementor-widget-wrap elementor-element-populated\">\n\t\t\t\t\t\t\t\t<div class=\"elementor-element elementor-element-8d11732 elementor-widget elementor-widget-text-editor\" data-id=\"8d11732\" data-element_type=\"widget\" data-widget_type=\"text-editor.default\">\n\t\t\t\t<div class=\"elementor-widget-container\">\n\t\t\t\t\t\t\t<p style=\"text-align: center;\">Entour\u00e9 de toutes sortes de services et de lieux d\u2019int\u00e9r\u00eat historique et contemporain, l\u2019InterContinental\u00ae Barcelona offre des installations exceptionnelles qui vous aideront \u00e0 marquer les esprits. C\u00e9l\u00e9brez votre \u00e9v\u00e9nement priv\u00e9 sur la terrasse de Montju\u00efc et laissez-vous s\u00e9duire par la vue privil\u00e9gi\u00e9e sur le mus\u00e9e national d\u2019art de Catalogne, l\u2019un des b\u00e2timents les plus embl\u00e9matiques de la ville. C\u00e9l\u00e9brez des mariages, des anniversaires et toutes sortes de c\u00e9r\u00e9monies dans notre jardin accueillant. Une \u00e9quipe hautement qualifi\u00e9e sera \u00e0 votre disposition pour cerner et satisfaire vos besoins et vous offrir ainsi un \u00e9v\u00e9nement totalement personnalis\u00e9.\u00a0<\/p><p style=\"text-align: center;\"><span style=\"font-weight: bold;\">Contactez-nous \u00e0 <\/span><span style=\"font-weight: bold;\"><a href=\"mailto:groups@icbarcelona.com\">groups@icbarcelona.com<\/a><\/span><\/p>\t\t\t\t\t\t<\/div>\n\t\t\t\t<\/div>\n\t\t\t\t\t<\/div>\n\t\t<\/div>\n\t\t\t\t<div class=\"elementor-column elementor-col-50 elementor-top-column elementor-element elementor-element-baa6aed\" data-id=\"baa6aed\" data-element_type=\"column\">\n\t\t\t<div class=\"elementor-widget-wrap elementor-element-populated\">\n\t\t\t\t\t\t\t\t<div class=\"elementor-element elementor-element-d9fa93d elementor-skin-slideshow elementor-arrows-yes elementor-widget elementor-widget-media-carousel\" data-id=\"d9fa93d\" data-element_type=\"widget\" data-settings=\"{&quot;skin&quot;:&quot;slideshow&quot;,&quot;effect&quot;:&quot;slide&quot;,&quot;show_arrows&quot;:&quot;yes&quot;,&quot;speed&quot;:500,&quot;autoplay&quot;:&quot;yes&quot;,&quot;autoplay_speed&quot;:5000,&quot;loop&quot;:&quot;yes&quot;,&quot;pause_on_hover&quot;:&quot;yes&quot;,&quot;pause_on_interaction&quot;:&quot;yes&quot;,&quot;space_between&quot;:{&quot;unit&quot;:&quot;px&quot;,&quot;size&quot;:10,&quot;sizes&quot;:[]},&quot;space_between_tablet&quot;:{&quot;unit&quot;:&quot;px&quot;,&quot;size&quot;:10,&quot;sizes&quot;:[]},&quot;space_between_mobile&quot;:{&quot;unit&quot;:&quot;px&quot;,&quot;size&quot;:10,&quot;sizes&quot;:[]}}\" data-widget_type=\"media-carousel.default\">\n\t\t\t\t<div class=\"elementor-widget-container\">\n\t\t\t\t\t<div class=\"elementor-swiper\">\n\t\t\t<div class=\"elementor-main-swiper swiper-container\">\n\t\t\t\t<div class=\"swiper-wrapper\">\n\t\t\t\t\t\t\t\t\t\t\t<div class=\"swiper-slide\">\n\t\t\t\t\t\t\t\t\t<div class=\"elementor-carousel-image\" role=\"img\" aria-label=\"I_TMONTJU\u00cfC_ABRIL_12\" style=\"background-image: url(&#039;https:\/\/barcelona.intercontinental.com\/wp-content\/uploads\/2024\/06\/I_TMONTJUIC_ABRIL_12-scaled.jpg&#039;)\">\n\n\t\t\t\n\t\t\t\t\t<\/div>\n\t\t\t\t\t\t\t\t<\/div>\n\t\t\t\t\t\t\t\t\t\t\t<div class=\"swiper-slide\">\n\t\t\t\t\t\t\t\t\t<div class=\"elementor-carousel-image\" role=\"img\" aria-label=\"Montju\u00efc_covered\" style=\"background-image: url(&#039;https:\/\/barcelona.intercontinental.com\/wp-content\/uploads\/2021\/12\/Montjuic_covered.jpg&#039;)\">\n\n\t\t\t\n\t\t\t\t\t<\/div>\n\t\t\t\t\t\t\t\t<\/div>\n\t\t\t\t\t\t\t\t\t\t\t<div class=\"swiper-slide\">\n\t\t\t\t\t\t\t\t\t<div class=\"elementor-carousel-image\" role=\"img\" aria-label=\"InterContinental Barcelona - Montju\u00efc Summer Pop Up Restaurant at night\" style=\"background-image: url(&#039;https:\/\/barcelona.intercontinental.com\/wp-content\/uploads\/2023\/06\/InterContinental-Barcelona-Montjuic-Summer-Pop-Up-Restaurant-at-night-scaled.jpg&#039;)\">\n\n\t\t\t\n\t\t\t\t\t<\/div>\n\t\t\t\t\t\t\t\t<\/div>\n\t\t\t\t\t\t\t\t\t\t\t<div class=\"swiper-slide\">\n\t\t\t\t\t\t\t\t\t<div class=\"elementor-carousel-image\" role=\"img\" aria-label=\"InterContinental Barcelona - Montju\u00efc Summer Pop Up Restaurant set up 4\" style=\"background-image: url(&#039;https:\/\/barcelona.intercontinental.com\/wp-content\/uploads\/2023\/06\/InterContinental-Barcelona-Montjuic-Summer-Pop-Up-Restaurant-set-up-4-scaled.jpg&#039;)\">\n\n\t\t\t\n\t\t\t\t\t<\/div>\n\t\t\t\t\t\t\t\t<\/div>\n\t\t\t\t\t\t\t\t\t\t\t<div class=\"swiper-slide\">\n\t\t\t\t\t\t\t\t\t<div class=\"elementor-carousel-image\" role=\"img\" aria-label=\"InterContinental Barcelona - Montju\u00efc Summer Pop Up Restaurant - Seabass and prawn ceviche with corn and banana crisp\" style=\"background-image: url(&#039;https:\/\/barcelona.intercontinental.com\/wp-content\/uploads\/2023\/06\/InterContinental-Barcelona-Montjuic-Summer-Pop-Up-Restaurant-Seabass-and-prawn-ceviche-with-corn-and-banana-crisp-scaled.jpg&#039;)\">\n\n\t\t\t\n\t\t\t\t\t<\/div>\n\t\t\t\t\t\t\t\t<\/div>\n\t\t\t\t\t\t\t\t\t<\/div>\n\t\t\t\t\t\t\t\t\t\t\t\t\t\t\t\t\t\t\t\t<div class=\"elementor-swiper-button elementor-swiper-button-prev\" role=\"button\" tabindex=\"0\">\n\t\t\t\t\t\t\t<i aria-hidden=\"true\" class=\"eicon-chevron-left\"><\/i>\t\t\t\t\t\t\t<span class=\"elementor-screen-only\">Pr\u00e9c\u00e9dent<\/span>\n\t\t\t\t\t\t<\/div>\n\t\t\t\t\t\t<div class=\"elementor-swiper-button elementor-swiper-button-next\" role=\"button\" tabindex=\"0\">\n\t\t\t\t\t\t\t<i aria-hidden=\"true\" class=\"eicon-chevron-right\"><\/i>\t\t\t\t\t\t\t<span class=\"elementor-screen-only\">Suivant<\/span>\n\t\t\t\t\t\t<\/div>\n\t\t\t\t\t\t\t\t\t\t\t\t<\/div>\n\t\t<\/div>\n\t\t\t\t<div class=\"elementor-swiper\">\n\t\t\t<div class=\"elementor-thumbnails-swiper swiper-container\">\n\t\t\t\t<div class=\"swiper-wrapper\">\n\t\t\t\t\t\t\t\t\t\t\t<div class=\"swiper-slide\">\n\t\t\t\t\t\t\t\t\t<div class=\"elementor-carousel-image\" role=\"img\" aria-label=\"I_TMONTJU\u00cfC_ABRIL_12\" style=\"background-image: url(&#039;https:\/\/barcelona.intercontinental.com\/wp-content\/uploads\/2024\/06\/I_TMONTJUIC_ABRIL_12-scaled.jpg&#039;)\">\n\n\t\t\t\n\t\t\t\t\t<\/div>\n\t\t\t\t\t\t\t\t<\/div>\n\t\t\t\t\t\t\t\t\t\t\t<div class=\"swiper-slide\">\n\t\t\t\t\t\t\t\t\t<div class=\"elementor-carousel-image\" role=\"img\" aria-label=\"Montju\u00efc_covered\" style=\"background-image: url(&#039;https:\/\/barcelona.intercontinental.com\/wp-content\/uploads\/2021\/12\/Montjuic_covered.jpg&#039;)\">\n\n\t\t\t\n\t\t\t\t\t<\/div>\n\t\t\t\t\t\t\t\t<\/div>\n\t\t\t\t\t\t\t\t\t\t\t<div class=\"swiper-slide\">\n\t\t\t\t\t\t\t\t\t<div class=\"elementor-carousel-image\" role=\"img\" aria-label=\"InterContinental Barcelona - Montju\u00efc Summer Pop Up Restaurant at night\" style=\"background-image: url(&#039;https:\/\/barcelona.intercontinental.com\/wp-content\/uploads\/2023\/06\/InterContinental-Barcelona-Montjuic-Summer-Pop-Up-Restaurant-at-night-scaled.jpg&#039;)\">\n\n\t\t\t\n\t\t\t\t\t<\/div>\n\t\t\t\t\t\t\t\t<\/div>\n\t\t\t\t\t\t\t\t\t\t\t<div class=\"swiper-slide\">\n\t\t\t\t\t\t\t\t\t<div class=\"elementor-carousel-image\" role=\"img\" aria-label=\"InterContinental Barcelona - Montju\u00efc Summer Pop Up Restaurant set up 4\" style=\"background-image: url(&#039;https:\/\/barcelona.intercontinental.com\/wp-content\/uploads\/2023\/06\/InterContinental-Barcelona-Montjuic-Summer-Pop-Up-Restaurant-set-up-4-scaled.jpg&#039;)\">\n\n\t\t\t\n\t\t\t\t\t<\/div>\n\t\t\t\t\t\t\t\t<\/div>\n\t\t\t\t\t\t\t\t\t\t\t<div class=\"swiper-slide\">\n\t\t\t\t\t\t\t\t\t<div class=\"elementor-carousel-image\" role=\"img\" aria-label=\"InterContinental Barcelona - Montju\u00efc Summer Pop Up Restaurant - Seabass and prawn ceviche with corn and banana crisp\" style=\"background-image: url(&#039;https:\/\/barcelona.intercontinental.com\/wp-content\/uploads\/2023\/06\/InterContinental-Barcelona-Montjuic-Summer-Pop-Up-Restaurant-Seabass-and-prawn-ceviche-with-corn-and-banana-crisp-scaled.jpg&#039;)\">\n\n\t\t\t\n\t\t\t\t\t<\/div>\n\t\t\t\t\t\t\t\t<\/div>\n\t\t\t\t\t\t\t\t\t<\/div>\n\t\t\t\t\t\t\t\t\t\t\t\t\t\t\t\t\t\t\t\t\t<\/div>\n\t\t<\/div>\n\t\t\t\t<\/div>\n\t\t\t\t<\/div>\n\t\t\t\t\t<\/div>\n\t\t<\/div>\n\t\t\t\t\t\t\t<\/div>\n\t\t<\/section>\n\t\t\t\t\t\t\t<\/div>\n\t\t","protected":false},"excerpt":{"rendered":"<p>MONTJU\u00cfC Un \u00e9v\u00e9nement unique m\u00e9rite un lieu unique Entour\u00e9 de toutes sortes de services et de lieux d\u2019int\u00e9r\u00eat historique et contemporain, l\u2019InterContinental\u00ae Barcelona offre des installations exceptionnelles qui vous aideront \u00e0 marquer les esprits. C\u00e9l\u00e9brez votre \u00e9v\u00e9nement priv\u00e9 sur la terrasse de Montju\u00efc et laissez-vous s\u00e9duire par la vue privil\u00e9gi\u00e9e sur le mus\u00e9e national d\u2019art &#8230; <a title=\"Montju\u00efc\" class=\"read-more\" href=\"https:\/\/barcelona.intercontinental.com\/fr\/montjuic\/\" aria-label=\"En savoir plus sur Montju\u00efc\">Lire la suite<\/a><\/p>\n","protected":false},"author":1,"featured_media":0,"parent":0,"menu_order":0,"comment_status":"closed","ping_status":"closed","template":"","meta":{"footnotes":""},"acf":[],"_links":{"self":[{"href":"https:\/\/barcelona.intercontinental.com\/fr\/wp-json\/wp\/v2\/pages\/6305"}],"collection":[{"href":"https:\/\/barcelona.intercontinental.com\/fr\/wp-json\/wp\/v2\/pages"}],"about":[{"href":"https:\/\/barcelona.intercontinental.com\/fr\/wp-json\/wp\/v2\/types\/page"}],"author":[{"embeddable":true,"href":"https:\/\/barcelona.intercontinental.com\/fr\/wp-json\/wp\/v2\/users\/1"}],"replies":[{"embeddable":true,"href":"https:\/\/barcelona.intercontinental.com\/fr\/wp-json\/wp\/v2\/comments?post=6305"}],"version-history":[{"count":8,"href":"https:\/\/barcelona.intercontinental.com\/fr\/wp-json\/wp\/v2\/pages\/6305\/revisions"}],"predecessor-version":[{"id":12055,"href":"https:\/\/barcelona.intercontinental.com\/fr\/wp-json\/wp\/v2\/pages\/6305\/revisions\/12055"}],"wp:attachment":[{"href":"https:\/\/barcelona.intercontinental.com\/fr\/wp-json\/wp\/v2\/media?parent=6305"}],"curies":[{"name":"wp","href":"https:\/\/api.w.org\/{rel}","templated":true}]}}