{"id":4382,"date":"2021-05-18T08:22:22","date_gmt":"2021-05-18T08:22:22","guid":{"rendered":"https:\/\/barcelona.intercontinental.com\/rooms-suites\/"},"modified":"2025-07-01T09:28:10","modified_gmt":"2025-07-01T09:28:10","slug":"rooms-suites","status":"publish","type":"page","link":"https:\/\/barcelona.intercontinental.com\/fr\/rooms-suites\/","title":{"rendered":"CHAMBRES ET SUITES"},"content":{"rendered":"\t\t<div data-elementor-type=\"wp-page\" data-elementor-id=\"4382\" class=\"elementor elementor-4382 elementor-520\" data-elementor-post-type=\"page\">\n\t\t\t\t\t\t\t\t\t<section class=\"elementor-section elementor-top-section elementor-element elementor-element-06c2eb1 elementor-section-stretched elementor-section-boxed elementor-section-height-default elementor-section-height-default\" data-id=\"06c2eb1\" data-element_type=\"section\" data-settings=\"{&quot;stretch_section&quot;:&quot;section-stretched&quot;}\">\n\t\t\t\t\t\t<div class=\"elementor-container elementor-column-gap-default\">\n\t\t\t\t\t<div class=\"elementor-column elementor-col-100 elementor-top-column elementor-element elementor-element-45ea48e\" data-id=\"45ea48e\" data-element_type=\"column\">\n\t\t\t<div class=\"elementor-widget-wrap elementor-element-populated\">\n\t\t\t\t\t\t\t\t<div class=\"elementor-element elementor-element-83c4518 elementor-widget elementor-widget-spacer\" data-id=\"83c4518\" data-element_type=\"widget\" data-widget_type=\"spacer.default\">\n\t\t\t\t<div class=\"elementor-widget-container\">\n\t\t\t\t\t<div class=\"elementor-spacer\">\n\t\t\t<div class=\"elementor-spacer-inner\"><\/div>\n\t\t<\/div>\n\t\t\t\t<\/div>\n\t\t\t\t<\/div>\n\t\t\t\t\t<\/div>\n\t\t<\/div>\n\t\t\t\t\t\t\t<\/div>\n\t\t<\/section>\n\t\t\t\t<section class=\"elementor-section elementor-top-section elementor-element elementor-element-50aaaa8 elementor-section-stretched elementor-section-boxed elementor-section-height-default elementor-section-height-default\" data-id=\"50aaaa8\" data-element_type=\"section\" data-settings=\"{&quot;stretch_section&quot;:&quot;section-stretched&quot;}\">\n\t\t\t\t\t\t<div class=\"elementor-container elementor-column-gap-default\">\n\t\t\t\t\t<div class=\"elementor-column elementor-col-100 elementor-top-column elementor-element elementor-element-bf9691f\" data-id=\"bf9691f\" data-element_type=\"column\">\n\t\t\t<div class=\"elementor-widget-wrap elementor-element-populated\">\n\t\t\t\t\t\t\t\t<div class=\"elementor-element elementor-element-1147313 elementor-widget elementor-widget-heading\" data-id=\"1147313\" data-element_type=\"widget\" data-widget_type=\"heading.default\">\n\t\t\t\t<div class=\"elementor-widget-container\">\n\t\t\t<h2 class=\"elementor-heading-title elementor-size-xl\">CHAMBRES ET SUITES<\/h2>\t\t<\/div>\n\t\t\t\t<\/div>\n\t\t\t\t<div class=\"elementor-element elementor-element-14d56cc elementor-widget elementor-widget-text-editor\" data-id=\"14d56cc\" data-element_type=\"widget\" data-widget_type=\"text-editor.default\">\n\t\t\t\t<div class=\"elementor-widget-container\">\n\t\t\t\t\t\t\t<p style=\"text-align: center;\">Chaque d\u00e9tail est une d\u00e9cision m\u00fbrement r\u00e9fl\u00e9chie qui refl\u00e8te le luxe dans son \u00e9tat le plus pur. \u00c0 l\u2019InterContinental\u00ae Barcelona, nous savons que le luxe peut adopter une infinit\u00e9 de formes. Nous vous aidons \u00e0 choisir le confort qui vous convient le mieux.<\/p>\t\t\t\t\t\t<\/div>\n\t\t\t\t<\/div>\n\t\t\t\t\t<\/div>\n\t\t<\/div>\n\t\t\t\t\t\t\t<\/div>\n\t\t<\/section>\n\t\t\t\t<section class=\"elementor-section elementor-top-section elementor-element elementor-element-b6cd89b elementor-section-stretched elementor-section-boxed elementor-section-height-default elementor-section-height-default\" data-id=\"b6cd89b\" data-element_type=\"section\" data-settings=\"{&quot;stretch_section&quot;:&quot;section-stretched&quot;}\">\n\t\t\t\t\t\t<div class=\"elementor-container elementor-column-gap-default\">\n\t\t\t\t\t<div class=\"elementor-column elementor-col-33 elementor-top-column elementor-element elementor-element-8c79df2\" data-id=\"8c79df2\" data-element_type=\"column\">\n\t\t\t<div class=\"elementor-widget-wrap elementor-element-populated\">\n\t\t\t\t\t\t\t\t<div class=\"elementor-element elementor-element-8bc1d39 gillsans-light-webfont elementor-widget__width-initial elementor-widget elementor-widget-heading\" data-id=\"8bc1d39\" data-element_type=\"widget\" data-widget_type=\"heading.default\">\n\t\t\t\t<div class=\"elementor-widget-container\">\n\t\t\t<div class=\"elementor-heading-title elementor-size-default\">Executive Suite<\/div>\t\t<\/div>\n\t\t\t\t<\/div>\n\t\t\t\t<div class=\"elementor-element elementor-element-14dca02 elementor-widget elementor-widget-image\" data-id=\"14dca02\" data-element_type=\"widget\" data-widget_type=\"image.default\">\n\t\t\t\t<div class=\"elementor-widget-container\">\n\t\t\t\t\t\t\t\t\t\t\t\t\t\t\t<img decoding=\"async\" src=\"https:\/\/barcelona.intercontinental.com\/wp-content\/uploads\/elementor\/thumbs\/I_julio_suits_executive3-1-q37byi9lyoc0xxxlsllz2rh6xy6806fesybys00f1c.jpg\" title=\"I_julio_suits_executive3-1.jpg\" alt=\"I_julio_suits_executive3-1.jpg\" loading=\"lazy\" \/>\t\t\t\t\t\t\t\t\t\t\t\t\t\t\t<\/div>\n\t\t\t\t<\/div>\n\t\t\t\t<div class=\"elementor-element elementor-element-3a30c54 room-suite-text elementor-widget elementor-widget-text-editor\" data-id=\"3a30c54\" data-element_type=\"widget\" data-widget_type=\"text-editor.default\">\n\t\t\t\t<div class=\"elementor-widget-container\">\n\t\t\t\t\t\t\t<p style=\"text-align: center;\">La suite ex\u00e9cutive est une chambre \u00e9l\u00e9gante et est \u00e9quip\u00e9e des derni\u00e8res technologies. Cette luxueuse chambre de 55 m\u00b2 offre un maximum de confort et vous permet de profiter des vues spectaculaires de Barcelone.<\/p>\t\t\t\t\t\t<\/div>\n\t\t\t\t<\/div>\n\t\t\t\t<div class=\"elementor-element elementor-element-ffa2f9a elementor-widget elementor-widget-elementskit-button\" data-id=\"ffa2f9a\" data-element_type=\"widget\" data-widget_type=\"elementskit-button.default\">\n\t\t\t\t<div class=\"elementor-widget-container\">\n\t\t\t<div class=\"ekit-wid-con\" >\t\t<div class=\"ekit-btn-wraper\">\n\t\t\t\t\t\t\t<a href=\"https:\/\/barcelona.intercontinental.com\/fr\/executive-suite\/\" class=\"elementskit-btn  whitespace--normal\" >\n\t\t\t\t\t\n\t\t\t\t\t\n\t\t\t\t\tLire Plus\t\t\t\t<\/a>\n\t\t\t\t\t\t<\/div>\n        <\/div>\t\t<\/div>\n\t\t\t\t<\/div>\n\t\t\t\t\t<\/div>\n\t\t<\/div>\n\t\t\t\t<div class=\"elementor-column elementor-col-33 elementor-top-column elementor-element elementor-element-f1c6346\" data-id=\"f1c6346\" data-element_type=\"column\">\n\t\t\t<div class=\"elementor-widget-wrap elementor-element-populated\">\n\t\t\t\t\t\t\t\t<div class=\"elementor-element elementor-element-4ed2dc8 gillsans-light-webfont elementor-widget__width-initial elementor-widget elementor-widget-heading\" data-id=\"4ed2dc8\" data-element_type=\"widget\" data-widget_type=\"heading.default\">\n\t\t\t\t<div class=\"elementor-widget-container\">\n\t\t\t<div class=\"elementor-heading-title elementor-size-default\">Balcony suite<\/div>\t\t<\/div>\n\t\t\t\t<\/div>\n\t\t\t\t<div class=\"elementor-element elementor-element-d39b0cd elementor-widget elementor-widget-image\" data-id=\"d39b0cd\" data-element_type=\"widget\" data-widget_type=\"image.default\">\n\t\t\t\t<div class=\"elementor-widget-container\">\n\t\t\t\t\t\t\t\t\t\t\t\t\t\t\t<img decoding=\"async\" src=\"https:\/\/barcelona.intercontinental.com\/wp-content\/uploads\/elementor\/thumbs\/I_julio_suits_balcony11-q37byj7g5idb9jw8n40ln98njc1l7vj552zg99z0v4.jpg\" title=\"I_julio_suits_balcony11.jpg\" alt=\"I_julio_suits_balcony11.jpg\" loading=\"lazy\" \/>\t\t\t\t\t\t\t\t\t\t\t\t\t\t\t<\/div>\n\t\t\t\t<\/div>\n\t\t\t\t<div class=\"elementor-element elementor-element-c99660a room-suite-text elementor-widget elementor-widget-text-editor\" data-id=\"c99660a\" data-element_type=\"widget\" data-widget_type=\"text-editor.default\">\n\t\t\t\t<div class=\"elementor-widget-container\">\n\t\t\t\t\t\t\t<p style=\"text-align: center;\">La suite avec balcon est une oasis de paix. Cette chambre spacieuse et sophistiqu\u00e9e de 55 m\u00b2 dispose d&rsquo;un balcon de 6 m\u00b2 d&rsquo;o\u00f9 vous pourrez profiter d&rsquo;une vue spectaculaire sur Barcelone.<\/p>\t\t\t\t\t\t<\/div>\n\t\t\t\t<\/div>\n\t\t\t\t<div class=\"elementor-element elementor-element-d872b98 elementor-widget elementor-widget-elementskit-button\" data-id=\"d872b98\" data-element_type=\"widget\" data-widget_type=\"elementskit-button.default\">\n\t\t\t\t<div class=\"elementor-widget-container\">\n\t\t\t<div class=\"ekit-wid-con\" >\t\t<div class=\"ekit-btn-wraper\">\n\t\t\t\t\t\t\t<a href=\"https:\/\/barcelona.intercontinental.com\/fr\/balcony-suite\/\" class=\"elementskit-btn  whitespace--normal\" >\n\t\t\t\t\t\n\t\t\t\t\t\n\t\t\t\t\tLire Plus\t\t\t\t<\/a>\n\t\t\t\t\t\t<\/div>\n        <\/div>\t\t<\/div>\n\t\t\t\t<\/div>\n\t\t\t\t\t<\/div>\n\t\t<\/div>\n\t\t\t\t<div class=\"elementor-column elementor-col-33 elementor-top-column elementor-element elementor-element-54baef2\" data-id=\"54baef2\" data-element_type=\"column\">\n\t\t\t<div class=\"elementor-widget-wrap elementor-element-populated\">\n\t\t\t\t\t\t\t\t<div class=\"elementor-element elementor-element-ca0e8ed gillsans-light-webfont elementor-widget__width-initial elementor-widget elementor-widget-heading\" data-id=\"ca0e8ed\" data-element_type=\"widget\" data-widget_type=\"heading.default\">\n\t\t\t\t<div class=\"elementor-widget-container\">\n\t\t\t<div class=\"elementor-heading-title elementor-size-default\"><a href=\"https:\/\/barcelona.intercontinental.com\/fr\/presidential-suite\/\">Presidential Suite<\/a><\/div>\t\t<\/div>\n\t\t\t\t<\/div>\n\t\t\t\t<div class=\"elementor-element elementor-element-f14cd8d elementor-widget elementor-widget-image\" data-id=\"f14cd8d\" data-element_type=\"widget\" data-widget_type=\"image.default\">\n\t\t\t\t<div class=\"elementor-widget-container\">\n\t\t\t\t\t\t\t\t\t\t\t\t\t\t\t<img decoding=\"async\" src=\"https:\/\/barcelona.intercontinental.com\/wp-content\/uploads\/elementor\/thumbs\/aMT3O9dw-rhos1fh4yybfre5fcfhhpirqsvjkmxipelt04urajk.jpeg\" title=\"aMT3O9dw.jpeg\" alt=\"aMT3O9dw.jpeg\" loading=\"lazy\" \/>\t\t\t\t\t\t\t\t\t\t\t\t\t\t\t<\/div>\n\t\t\t\t<\/div>\n\t\t\t\t<div class=\"elementor-element elementor-element-50c3a8d room-suite-text elementor-widget elementor-widget-text-editor\" data-id=\"50c3a8d\" data-element_type=\"widget\" data-widget_type=\"text-editor.default\">\n\t\t\t\t<div class=\"elementor-widget-container\">\n\t\t\t\t\t\t\t<p style=\"text-align: center;\">La suite pr\u00e9sidentielle est la chambre la plus spacieuse disponible \u00e0 l&rsquo;InterContinental\u00ae Barcelona. Cet espace impeccable et \u00e9l\u00e9gant se compose d&rsquo;un salon-salle \u00e0 manger avec un espace cuisine int\u00e9gr\u00e9e et de deux chambres.<\/p>\t\t\t\t\t\t<\/div>\n\t\t\t\t<\/div>\n\t\t\t\t<div class=\"elementor-element elementor-element-ab58b61 elementor-widget elementor-widget-elementskit-button\" data-id=\"ab58b61\" data-element_type=\"widget\" data-widget_type=\"elementskit-button.default\">\n\t\t\t\t<div class=\"elementor-widget-container\">\n\t\t\t<div class=\"ekit-wid-con\" >\t\t<div class=\"ekit-btn-wraper\">\n\t\t\t\t\t\t\t<a href=\"https:\/\/barcelona.intercontinental.com\/fr\/presidential-suite\/\" class=\"elementskit-btn  whitespace--normal\" >\n\t\t\t\t\t\n\t\t\t\t\t\n\t\t\t\t\tLire Plus\t\t\t\t<\/a>\n\t\t\t\t\t\t<\/div>\n        <\/div>\t\t<\/div>\n\t\t\t\t<\/div>\n\t\t\t\t\t<\/div>\n\t\t<\/div>\n\t\t\t\t\t\t\t<\/div>\n\t\t<\/section>\n\t\t\t\t<section class=\"elementor-section elementor-top-section elementor-element elementor-element-6988dba elementor-section-stretched elementor-section-boxed elementor-section-height-default elementor-section-height-default\" data-id=\"6988dba\" data-element_type=\"section\" data-settings=\"{&quot;stretch_section&quot;:&quot;section-stretched&quot;}\">\n\t\t\t\t\t\t<div class=\"elementor-container elementor-column-gap-default\">\n\t\t\t\t\t<div class=\"elementor-column elementor-col-33 elementor-top-column elementor-element elementor-element-9f77363\" data-id=\"9f77363\" data-element_type=\"column\">\n\t\t\t<div class=\"elementor-widget-wrap elementor-element-populated\">\n\t\t\t\t\t\t\t\t<div class=\"elementor-element elementor-element-a090b4a gillsans-light-webfont elementor-widget__width-initial elementor-widget elementor-widget-heading\" data-id=\"a090b4a\" data-element_type=\"widget\" data-widget_type=\"heading.default\">\n\t\t\t\t<div class=\"elementor-widget-container\">\n\t\t\t<div class=\"elementor-heading-title elementor-size-default\">Chambre CLASSIC<\/div>\t\t<\/div>\n\t\t\t\t<\/div>\n\t\t\t\t<div class=\"elementor-element elementor-element-32cf361 elementor-widget elementor-widget-image\" data-id=\"32cf361\" data-element_type=\"widget\" data-widget_type=\"image.default\">\n\t\t\t\t<div class=\"elementor-widget-container\">\n\t\t\t\t\t\t\t\t\t\t\t\t\t\t\t<img decoding=\"async\" src=\"https:\/\/barcelona.intercontinental.com\/wp-content\/uploads\/elementor\/thumbs\/Caja_Rooms_1024x720px-rhoq8guon5e1dkieoclpdwwwu7qcnzmj52oy4f2skg.jpg\" title=\"Caja_Rooms_1024x720px.jpg\" alt=\"Caja_Rooms_1024x720px.jpg\" loading=\"lazy\" \/>\t\t\t\t\t\t\t\t\t\t\t\t\t\t\t<\/div>\n\t\t\t\t<\/div>\n\t\t\t\t<div class=\"elementor-element elementor-element-1e32411 room-suite-text elementor-widget elementor-widget-text-editor\" data-id=\"1e32411\" data-element_type=\"widget\" data-widget_type=\"text-editor.default\">\n\t\t\t\t<div class=\"elementor-widget-container\">\n\t\t\t\t\t\t\t<p style=\"text-align: center;\">Les chambres classiques proposent un h\u00e9bergement confortable avec des int\u00e9rieurs exceptionnels, une technologie intelligente et un luxe contemporain. Elles sont id\u00e9ales pour la concentration ou la d\u00e9tente. Ces chambres sont situ\u00e9es \u00e0 tous les \u00e9tages et \u00e9quip\u00e9es de deux lits jumeaux ou d&rsquo;un lit king size.<\/p>\t\t\t\t\t\t<\/div>\n\t\t\t\t<\/div>\n\t\t\t\t<div class=\"elementor-element elementor-element-1a89166 elementor-widget elementor-widget-elementskit-button\" data-id=\"1a89166\" data-element_type=\"widget\" data-widget_type=\"elementskit-button.default\">\n\t\t\t\t<div class=\"elementor-widget-container\">\n\t\t\t<div class=\"ekit-wid-con\" >\t\t<div class=\"ekit-btn-wraper\">\n\t\t\t\t\t\t\t<a href=\"https:\/\/barcelona.intercontinental.com\/en\/classic-rooms\/\" class=\"elementskit-btn  whitespace--normal\" >\n\t\t\t\t\t\n\t\t\t\t\t\n\t\t\t\t\tRead More\t\t\t\t<\/a>\n\t\t\t\t\t\t<\/div>\n        <\/div>\t\t<\/div>\n\t\t\t\t<\/div>\n\t\t\t\t\t<\/div>\n\t\t<\/div>\n\t\t\t\t<div class=\"elementor-column elementor-col-33 elementor-top-column elementor-element elementor-element-dfa301b\" data-id=\"dfa301b\" data-element_type=\"column\">\n\t\t\t<div class=\"elementor-widget-wrap elementor-element-populated\">\n\t\t\t\t\t\t\t\t<div class=\"elementor-element elementor-element-a421a8c gillsans-light-webfont elementor-widget__width-initial elementor-widget elementor-widget-heading\" data-id=\"a421a8c\" data-element_type=\"widget\" data-widget_type=\"heading.default\">\n\t\t\t\t<div class=\"elementor-widget-container\">\n\t\t\t<div class=\"elementor-heading-title elementor-size-default\">chambre Premium<\/div>\t\t<\/div>\n\t\t\t\t<\/div>\n\t\t\t\t<div class=\"elementor-element elementor-element-a4bc8fb elementor-widget elementor-widget-image\" data-id=\"a4bc8fb\" data-element_type=\"widget\" data-widget_type=\"image.default\">\n\t\t\t\t<div class=\"elementor-widget-container\">\n\t\t\t\t\t\t\t\t\t\t\t\t\t\t\t<img decoding=\"async\" src=\"https:\/\/barcelona.intercontinental.com\/wp-content\/uploads\/elementor\/thumbs\/Vistas-2-r841ej2bfw7j1x8ooka8o4ok0xl9nddi4kcpty7uhs.jpg\" title=\"Vistas-2.jpg\" alt=\"Vistas-2.jpg\" loading=\"lazy\" \/>\t\t\t\t\t\t\t\t\t\t\t\t\t\t\t<\/div>\n\t\t\t\t<\/div>\n\t\t\t\t<div class=\"elementor-element elementor-element-4077768 room-suite-text elementor-widget elementor-widget-text-editor\" data-id=\"4077768\" data-element_type=\"widget\" data-widget_type=\"text-editor.default\">\n\t\t\t\t<div class=\"elementor-widget-container\">\n\t\t\t\t\t\t\t<p style=\"text-align: center;\">La chambre Premium est un lieu o\u00f9 l&rsquo;on peut appr\u00e9cier l&rsquo;essence m\u00eame du confort. Ces suites de 42 m\u00b2 offrent une vue imprenable sur la ville ou sur un jardin serein, id\u00e9al pour se d\u00e9tendre.<\/p>\t\t\t\t\t\t<\/div>\n\t\t\t\t<\/div>\n\t\t\t\t<div class=\"elementor-element elementor-element-398bcfc elementor-widget elementor-widget-elementskit-button\" data-id=\"398bcfc\" data-element_type=\"widget\" data-widget_type=\"elementskit-button.default\">\n\t\t\t\t<div class=\"elementor-widget-container\">\n\t\t\t<div class=\"ekit-wid-con\" >\t\t<div class=\"ekit-btn-wraper\">\n\t\t\t\t\t\t\t<a href=\"https:\/\/barcelona.intercontinental.com\/fr\/?post_type=event_space&#038;p=1368\" class=\"elementskit-btn  whitespace--normal\" >\n\t\t\t\t\t\n\t\t\t\t\t\n\t\t\t\t\tRead More\t\t\t\t<\/a>\n\t\t\t\t\t\t<\/div>\n        <\/div>\t\t<\/div>\n\t\t\t\t<\/div>\n\t\t\t\t\t<\/div>\n\t\t<\/div>\n\t\t\t\t<div class=\"elementor-column elementor-col-33 elementor-top-column elementor-element elementor-element-d279476\" data-id=\"d279476\" data-element_type=\"column\">\n\t\t\t<div class=\"elementor-widget-wrap elementor-element-populated\">\n\t\t\t\t\t\t\t\t<div class=\"elementor-element elementor-element-bea93aa gillsans-light-webfont elementor-widget__width-initial elementor-widget elementor-widget-heading\" data-id=\"bea93aa\" data-element_type=\"widget\" data-widget_type=\"heading.default\">\n\t\t\t\t<div class=\"elementor-widget-container\">\n\t\t\t<div class=\"elementor-heading-title elementor-size-default\">chambre avec CLUB ACCESS<\/div>\t\t<\/div>\n\t\t\t\t<\/div>\n\t\t\t\t<div class=\"elementor-element elementor-element-5703567 elementor-widget elementor-widget-image\" data-id=\"5703567\" data-element_type=\"widget\" data-widget_type=\"image.default\">\n\t\t\t\t<div class=\"elementor-widget-container\">\n\t\t\t\t\t\t\t\t\t\t\t\t\t\t\t<img decoding=\"async\" src=\"https:\/\/barcelona.intercontinental.com\/wp-content\/uploads\/elementor\/thumbs\/Double-room-r841ej2bfw7j1x8ooka8o4ok0xl9nddi4kcpty7uhs.jpg\" title=\"Double-room.jpg\" alt=\"Double-room.jpg\" loading=\"lazy\" \/>\t\t\t\t\t\t\t\t\t\t\t\t\t\t\t<\/div>\n\t\t\t\t<\/div>\n\t\t\t\t<div class=\"elementor-element elementor-element-24caef9 room-suite-text elementor-widget elementor-widget-text-editor\" data-id=\"24caef9\" data-element_type=\"widget\" data-widget_type=\"text-editor.default\">\n\t\t\t\t<div class=\"elementor-widget-container\">\n\t\t\t\t\t\t\t<p style=\"text-align: center;\">Les chambres avec acc\u00e8s au Club offrent un h\u00e9bergement confortable, des int\u00e9rieurs \u00e9tonnants, une technologie intelligente et un luxe contemporain. Tous les clients s\u00e9journant dans les chambres sont invit\u00e9s \u00e0 acc\u00e9der au salon Club InterContinental.<\/p>\t\t\t\t\t\t<\/div>\n\t\t\t\t<\/div>\n\t\t\t\t<div class=\"elementor-element elementor-element-a02177a elementor-widget elementor-widget-elementskit-button\" data-id=\"a02177a\" data-element_type=\"widget\" data-widget_type=\"elementskit-button.default\">\n\t\t\t\t<div class=\"elementor-widget-container\">\n\t\t\t<div class=\"ekit-wid-con\" >\t\t<div class=\"ekit-btn-wraper\">\n\t\t\t\t\t\t\t<a href=\"https:\/\/barcelona.intercontinental.com\/en\/room-with-club-access\/\" class=\"elementskit-btn  whitespace--normal\" >\n\t\t\t\t\t\n\t\t\t\t\t\n\t\t\t\t\tRead More\t\t\t\t<\/a>\n\t\t\t\t\t\t<\/div>\n        <\/div>\t\t<\/div>\n\t\t\t\t<\/div>\n\t\t\t\t\t<\/div>\n\t\t<\/div>\n\t\t\t\t\t\t\t<\/div>\n\t\t<\/section>\n\t\t\t\t\t\t\t<\/div>\n\t\t","protected":false},"excerpt":{"rendered":"<p>CHAMBRES ET SUITES Chaque d\u00e9tail est une d\u00e9cision m\u00fbrement r\u00e9fl\u00e9chie qui refl\u00e8te le luxe dans son \u00e9tat le plus pur. \u00c0 l\u2019InterContinental\u00ae Barcelona, nous savons que le luxe peut adopter une infinit\u00e9 de formes. Nous vous aidons \u00e0 choisir le confort qui vous convient le mieux. Executive Suite La suite ex\u00e9cutive est une chambre \u00e9l\u00e9gante &#8230; <a title=\"CHAMBRES ET SUITES\" class=\"read-more\" href=\"https:\/\/barcelona.intercontinental.com\/fr\/rooms-suites\/\" aria-label=\"En savoir plus sur CHAMBRES ET SUITES\">Lire la suite<\/a><\/p>\n","protected":false},"author":1,"featured_media":0,"parent":0,"menu_order":0,"comment_status":"closed","ping_status":"closed","template":"elementor_header_footer","meta":{"footnotes":""},"acf":[],"_links":{"self":[{"href":"https:\/\/barcelona.intercontinental.com\/fr\/wp-json\/wp\/v2\/pages\/4382"}],"collection":[{"href":"https:\/\/barcelona.intercontinental.com\/fr\/wp-json\/wp\/v2\/pages"}],"about":[{"href":"https:\/\/barcelona.intercontinental.com\/fr\/wp-json\/wp\/v2\/types\/page"}],"author":[{"embeddable":true,"href":"https:\/\/barcelona.intercontinental.com\/fr\/wp-json\/wp\/v2\/users\/1"}],"replies":[{"embeddable":true,"href":"https:\/\/barcelona.intercontinental.com\/fr\/wp-json\/wp\/v2\/comments?post=4382"}],"version-history":[{"count":37,"href":"https:\/\/barcelona.intercontinental.com\/fr\/wp-json\/wp\/v2\/pages\/4382\/revisions"}],"predecessor-version":[{"id":14923,"href":"https:\/\/barcelona.intercontinental.com\/fr\/wp-json\/wp\/v2\/pages\/4382\/revisions\/14923"}],"wp:attachment":[{"href":"https:\/\/barcelona.intercontinental.com\/fr\/wp-json\/wp\/v2\/media?parent=4382"}],"curies":[{"name":"wp","href":"https:\/\/api.w.org\/{rel}","templated":true}]}}