{"id":4372,"date":"2021-05-17T15:14:02","date_gmt":"2021-05-17T15:14:02","guid":{"rendered":"https:\/\/barcelona.intercontinental.com\/hotel-concierge\/"},"modified":"2021-12-22T10:23:02","modified_gmt":"2021-12-22T10:23:02","slug":"hotel-concierge","status":"publish","type":"page","link":"https:\/\/barcelona.intercontinental.com\/fr\/conciergerie\/","title":{"rendered":"Conciergerie"},"content":{"rendered":"\t\t<div data-elementor-type=\"wp-page\" data-elementor-id=\"4372\" class=\"elementor elementor-4372 elementor-492\" data-elementor-post-type=\"page\">\n\t\t\t\t\t\t\t\t\t<section class=\"elementor-section elementor-top-section elementor-element elementor-element-22a26481 elementor-section-stretched parallax parallax-room elementor-section-boxed elementor-section-height-default elementor-section-height-default\" data-id=\"22a26481\" data-element_type=\"section\" data-settings=\"{&quot;stretch_section&quot;:&quot;section-stretched&quot;,&quot;background_background&quot;:&quot;classic&quot;}\">\n\t\t\t\t\t\t<div class=\"elementor-container elementor-column-gap-default\">\n\t\t\t\t\t<div class=\"elementor-column elementor-col-100 elementor-top-column elementor-element elementor-element-49d3926d\" data-id=\"49d3926d\" data-element_type=\"column\">\n\t\t\t<div class=\"elementor-widget-wrap\">\n\t\t\t\t\t\t\t\t\t<\/div>\n\t\t<\/div>\n\t\t\t\t\t\t\t<\/div>\n\t\t<\/section>\n\t\t\t\t<section class=\"elementor-section elementor-top-section elementor-element elementor-element-372ce6a5 elementor-section-stretched elementor-section-boxed elementor-section-height-default elementor-section-height-default\" data-id=\"372ce6a5\" data-element_type=\"section\" data-settings=\"{&quot;stretch_section&quot;:&quot;section-stretched&quot;}\">\n\t\t\t\t\t\t<div class=\"elementor-container elementor-column-gap-default\">\n\t\t\t\t\t<div class=\"elementor-column elementor-col-100 elementor-top-column elementor-element elementor-element-26fb1571\" data-id=\"26fb1571\" data-element_type=\"column\">\n\t\t\t<div class=\"elementor-widget-wrap elementor-element-populated\">\n\t\t\t\t\t\t\t\t<div class=\"elementor-element elementor-element-1b323289 elementor-widget elementor-widget-heading\" data-id=\"1b323289\" data-element_type=\"widget\" data-widget_type=\"heading.default\">\n\t\t\t\t<div class=\"elementor-widget-container\">\n\t\t\t<h2 class=\"elementor-heading-title elementor-size-xl\">CONCIERGERIE<\/h2>\t\t<\/div>\n\t\t\t\t<\/div>\n\t\t\t\t<div class=\"elementor-element elementor-element-3ab88151 gillsans-italic-webfont elementor-widget elementor-widget-text-editor\" data-id=\"3ab88151\" data-element_type=\"widget\" data-widget_type=\"text-editor.default\">\n\t\t\t\t<div class=\"elementor-widget-container\">\n\t\t\t\t\t\t\t<p style=\"text-align: center; margin-bottom: 0px;\">Laissez-nous vous aider \u00e0 d\u00e9couvrir Barcelone.<\/p>\t\t\t\t\t\t<\/div>\n\t\t\t\t<\/div>\n\t\t\t\t<div class=\"elementor-element elementor-element-54a0bb72 separator elementor-widget-divider--view-line elementor-widget elementor-widget-divider\" data-id=\"54a0bb72\" data-element_type=\"widget\" data-widget_type=\"divider.default\">\n\t\t\t\t<div class=\"elementor-widget-container\">\n\t\t\t\t\t<div class=\"elementor-divider\">\n\t\t\t<span class=\"elementor-divider-separator\">\n\t\t\t\t\t\t<\/span>\n\t\t<\/div>\n\t\t\t\t<\/div>\n\t\t\t\t<\/div>\n\t\t\t\t\t<\/div>\n\t\t<\/div>\n\t\t\t\t\t\t\t<\/div>\n\t\t<\/section>\n\t\t\t\t<section class=\"elementor-section elementor-top-section elementor-element elementor-element-1ae8b7cb elementor-section-stretched elementor-section-boxed elementor-section-height-default elementor-section-height-default\" data-id=\"1ae8b7cb\" data-element_type=\"section\" data-settings=\"{&quot;stretch_section&quot;:&quot;section-stretched&quot;}\">\n\t\t\t\t\t\t<div class=\"elementor-container elementor-column-gap-default\">\n\t\t\t\t\t<div class=\"elementor-column elementor-col-100 elementor-top-column elementor-element elementor-element-18226f8e\" data-id=\"18226f8e\" data-element_type=\"column\">\n\t\t\t<div class=\"elementor-widget-wrap elementor-element-populated\">\n\t\t\t\t\t\t\t\t<div class=\"elementor-element elementor-element-3069652d elementor-widget elementor-widget-text-editor\" data-id=\"3069652d\" data-element_type=\"widget\" data-widget_type=\"text-editor.default\">\n\t\t\t\t<div class=\"elementor-widget-container\">\n\t\t\t\t\t\t\t<p style=\"text-align: center;\">La brise marine lointaine. La lumi\u00e8re de la M\u00e9diterran\u00e9e. L\u2019ar\u00f4me d\u2019une sp\u00e9cialit\u00e9 locale \u00e0 d\u00e9couvrir. Barcelone est une ville o\u00f9 la gastronomie et le divertissement font partie int\u00e9grante de la culture, o\u00f9 l\u2019on peut voir, ressentir et vivre l\u2019histoire. Berceau de certains des artistes les plus influents de tous les temps, cette m\u00e9tropole innovante est un \u00e9quilibre naturel entre le moderne et le classique. Des b\u00e2timents acclam\u00e9s de Gaud\u00ed aux expositions contemporaines du Mus\u00e9e national d\u2019art de Catalogne (MNAC), fl\u00e2nez dans les rues de notre ville historique et cosmopolite. Laissez-nous vous faire d\u00e9couvrir la Barcelone que nous aimons tant pour la vivre comme jamais auparavant.\u00a0<\/p><p style=\"text-align: center;\">Que vous soyez \u00e0 Barcelone pour affaires ou pour loisir, notre \u00e9quipe de conciergerie se fera un plaisir de vous aider \u00e0 passer un s\u00e9jour m\u00e9morable \u00e0 la hauteur de vos attentes.<\/p><p style=\"text-align: center;\"><strong><a href=\"mailto:concierge@icbarcelona.com\">concierge@icbarcelona.com<\/a><br \/><span style=\"color: #000000;\"><a style=\"color: #000000;\" href=\"tel:34934262223\">+34 934262223<\/a><\/span><br \/><\/strong><\/p><p style=\"text-align: center;\"><a href=\"https:\/\/barcelona.intercontinental.com\/fr\/contact-conciergerie\/\">Contactez-nous<\/a><\/p>\t\t\t\t\t\t<\/div>\n\t\t\t\t<\/div>\n\t\t\t\t\t<\/div>\n\t\t<\/div>\n\t\t\t\t\t\t\t<\/div>\n\t\t<\/section>\n\t\t\t\t\t\t\t<\/div>\n\t\t","protected":false},"excerpt":{"rendered":"<p>CONCIERGERIE Laissez-nous vous aider \u00e0 d\u00e9couvrir Barcelone. La brise marine lointaine. La lumi\u00e8re de la M\u00e9diterran\u00e9e. L\u2019ar\u00f4me d\u2019une sp\u00e9cialit\u00e9 locale \u00e0 d\u00e9couvrir. Barcelone est une ville o\u00f9 la gastronomie et le divertissement font partie int\u00e9grante de la culture, o\u00f9 l\u2019on peut voir, ressentir et vivre l\u2019histoire. Berceau de certains des artistes les plus influents de &#8230; <a title=\"Conciergerie\" class=\"read-more\" href=\"https:\/\/barcelona.intercontinental.com\/fr\/conciergerie\/\" aria-label=\"En savoir plus sur Conciergerie\">Lire la suite<\/a><\/p>\n","protected":false},"author":1,"featured_media":0,"parent":0,"menu_order":0,"comment_status":"closed","ping_status":"closed","template":"","meta":{"footnotes":""},"acf":[],"_links":{"self":[{"href":"https:\/\/barcelona.intercontinental.com\/fr\/wp-json\/wp\/v2\/pages\/4372"}],"collection":[{"href":"https:\/\/barcelona.intercontinental.com\/fr\/wp-json\/wp\/v2\/pages"}],"about":[{"href":"https:\/\/barcelona.intercontinental.com\/fr\/wp-json\/wp\/v2\/types\/page"}],"author":[{"embeddable":true,"href":"https:\/\/barcelona.intercontinental.com\/fr\/wp-json\/wp\/v2\/users\/1"}],"replies":[{"embeddable":true,"href":"https:\/\/barcelona.intercontinental.com\/fr\/wp-json\/wp\/v2\/comments?post=4372"}],"version-history":[{"count":8,"href":"https:\/\/barcelona.intercontinental.com\/fr\/wp-json\/wp\/v2\/pages\/4372\/revisions"}],"predecessor-version":[{"id":5730,"href":"https:\/\/barcelona.intercontinental.com\/fr\/wp-json\/wp\/v2\/pages\/4372\/revisions\/5730"}],"wp:attachment":[{"href":"https:\/\/barcelona.intercontinental.com\/fr\/wp-json\/wp\/v2\/media?parent=4372"}],"curies":[{"name":"wp","href":"https:\/\/api.w.org\/{rel}","templated":true}]}}