{"id":4346,"date":"2021-05-17T10:56:55","date_gmt":"2021-05-17T10:56:55","guid":{"rendered":"https:\/\/barcelona.intercontinental.com\/about-ic-barcelona\/"},"modified":"2021-11-19T09:39:49","modified_gmt":"2021-11-19T09:39:49","slug":"about-ic-barcelona","status":"publish","type":"page","link":"https:\/\/barcelona.intercontinental.com\/fr\/about-ic-barcelona\/","title":{"rendered":"\u00c0 propos de nous"},"content":{"rendered":"\t\t<div data-elementor-type=\"wp-page\" data-elementor-id=\"4346\" class=\"elementor elementor-4346 elementor-380\" data-elementor-post-type=\"page\">\n\t\t\t\t\t\t\t\t\t<section class=\"elementor-section elementor-top-section elementor-element elementor-element-e18b20e elementor-section-stretched parallax parallax-room elementor-section-boxed elementor-section-height-default elementor-section-height-default\" data-id=\"e18b20e\" data-element_type=\"section\" data-settings=\"{&quot;stretch_section&quot;:&quot;section-stretched&quot;,&quot;background_background&quot;:&quot;classic&quot;}\">\n\t\t\t\t\t\t<div class=\"elementor-container elementor-column-gap-default\">\n\t\t\t\t\t<div class=\"elementor-column elementor-col-100 elementor-top-column elementor-element elementor-element-cbbd853\" data-id=\"cbbd853\" data-element_type=\"column\">\n\t\t\t<div class=\"elementor-widget-wrap\">\n\t\t\t\t\t\t\t\t\t<\/div>\n\t\t<\/div>\n\t\t\t\t\t\t\t<\/div>\n\t\t<\/section>\n\t\t\t\t<section class=\"elementor-section elementor-top-section elementor-element elementor-element-6dfd154 elementor-section-stretched elementor-section-boxed elementor-section-height-default elementor-section-height-default\" data-id=\"6dfd154\" data-element_type=\"section\" data-settings=\"{&quot;stretch_section&quot;:&quot;section-stretched&quot;}\">\n\t\t\t\t\t\t<div class=\"elementor-container elementor-column-gap-default\">\n\t\t\t\t\t<div class=\"elementor-column elementor-col-100 elementor-top-column elementor-element elementor-element-97e329f\" data-id=\"97e329f\" data-element_type=\"column\">\n\t\t\t<div class=\"elementor-widget-wrap elementor-element-populated\">\n\t\t\t\t\t\t\t\t<div class=\"elementor-element elementor-element-ef3f422 elementor-widget elementor-widget-heading\" data-id=\"ef3f422\" data-element_type=\"widget\" data-widget_type=\"heading.default\">\n\t\t\t\t<div class=\"elementor-widget-container\">\n\t\t\t<h2 class=\"elementor-heading-title elementor-size-xl\">NOUS VOUS SOUHAITONS LA BIENVENUE \u00c0<br> <br>L'INTERCONTINENTAL<span>\u00ae <\/span> &nbsp;BARCELONA<\/h2>\t\t<\/div>\n\t\t\t\t<\/div>\n\t\t\t\t\t<\/div>\n\t\t<\/div>\n\t\t\t\t\t\t\t<\/div>\n\t\t<\/section>\n\t\t\t\t<section class=\"elementor-section elementor-top-section elementor-element elementor-element-3b5202f elementor-section-stretched elementor-section-boxed elementor-section-height-default elementor-section-height-default\" data-id=\"3b5202f\" data-element_type=\"section\" data-settings=\"{&quot;stretch_section&quot;:&quot;section-stretched&quot;}\">\n\t\t\t\t\t\t<div class=\"elementor-container elementor-column-gap-default\">\n\t\t\t\t\t<div class=\"elementor-column elementor-col-100 elementor-top-column elementor-element elementor-element-749e32b\" data-id=\"749e32b\" data-element_type=\"column\">\n\t\t\t<div class=\"elementor-widget-wrap elementor-element-populated\">\n\t\t\t\t\t\t\t\t<div class=\"elementor-element elementor-element-fae6c6e elementor-widget elementor-widget-text-editor\" data-id=\"fae6c6e\" data-element_type=\"widget\" data-widget_type=\"text-editor.default\">\n\t\t\t\t<div class=\"elementor-widget-container\">\n\t\t\t\t\t\t\t<p style=\"text-align: center;\">Expression ultime du luxe discret, l\u2019InterContinental\u00ae Barcelona est un h\u00f4tel franchis\u00e9 par IHG situ\u00e9 sur l\u2019une des places les plus c\u00e9l\u00e8bres de Barcelone. Situ\u00e9 au pied de Montju\u00efc, l\u2019InterContinental\u00ae Barcelona jouit d\u2019une vue imprenable sur le mus\u00e9e national d\u2019art de Catalogne, le MNAC, et sur certains des b\u00e2timents les plus repr\u00e9sentatifs \u00e9rig\u00e9s \u00e0 l\u2019occasion de l\u2019inauguration de l\u2019Exposition internationale de Barcelone au printemps 1929.\u00a0<\/p><p style=\"text-align: center;\">Go\u00fbtez \u00e0 la haute cuisine de notre chef \u00e9toil\u00e9 au Guide Michelin, qui combine de fa\u00e7on magistrale des produits locaux frais pour cr\u00e9er des exp\u00e9riences culinaires \u00e9l\u00e9gantes et succulentes dans notre restaurant Quirat. Sirotez des cocktails d\u2019auteur dans notre Gebre Bar ou admirez les vues panoramiques depuis notre 173 Rooftop Terrace.<\/p><p style=\"text-align: center;\">D\u00e9couvrez le luxe comme vous ne l\u2019avez jamais vu gr\u00e2ce \u00e0 notre s\u00e9lection de chambres cinq \u00e9toiles. Chaque chambre est une expression unique de style et de bon go\u00fbt o\u00f9 se m\u00ealent confort ultime et \u00e9l\u00e9gance supr\u00eame. Quelle que soit la raison de votre visite \u00e0 Barcelone, profitez \u00e0 la fois des affaires et des loisirs dans nos chambres et suites luxueuses.<\/p>\t\t\t\t\t\t<\/div>\n\t\t\t\t<\/div>\n\t\t\t\t\t<\/div>\n\t\t<\/div>\n\t\t\t\t\t\t\t<\/div>\n\t\t<\/section>\n\t\t\t\t<section class=\"elementor-section elementor-top-section elementor-element elementor-element-b3fd7a9 elementor-section-boxed elementor-section-height-default elementor-section-height-default\" data-id=\"b3fd7a9\" data-element_type=\"section\">\n\t\t\t\t\t\t<div class=\"elementor-container elementor-column-gap-default\">\n\t\t\t\t\t<div class=\"elementor-column elementor-col-100 elementor-top-column elementor-element elementor-element-b9444de\" data-id=\"b9444de\" data-element_type=\"column\">\n\t\t\t<div class=\"elementor-widget-wrap\">\n\t\t\t\t\t\t\t\t\t<\/div>\n\t\t<\/div>\n\t\t\t\t\t\t\t<\/div>\n\t\t<\/section>\n\t\t\t\t\t\t\t<\/div>\n\t\t","protected":false},"excerpt":{"rendered":"<p>NOUS VOUS SOUHAITONS LA BIENVENUE \u00c0 L&rsquo;INTERCONTINENTAL\u00ae &nbsp;BARCELONA Expression ultime du luxe discret, l\u2019InterContinental\u00ae Barcelona est un h\u00f4tel franchis\u00e9 par IHG situ\u00e9 sur l\u2019une des places les plus c\u00e9l\u00e8bres de Barcelone. Situ\u00e9 au pied de Montju\u00efc, l\u2019InterContinental\u00ae Barcelona jouit d\u2019une vue imprenable sur le mus\u00e9e national d\u2019art de Catalogne, le MNAC, et sur certains des &#8230; <a title=\"\u00c0 propos de nous\" class=\"read-more\" href=\"https:\/\/barcelona.intercontinental.com\/fr\/about-ic-barcelona\/\" aria-label=\"En savoir plus sur \u00c0 propos de nous\">Lire la suite<\/a><\/p>\n","protected":false},"author":1,"featured_media":0,"parent":0,"menu_order":0,"comment_status":"closed","ping_status":"closed","template":"","meta":{"footnotes":""},"acf":[],"_links":{"self":[{"href":"https:\/\/barcelona.intercontinental.com\/fr\/wp-json\/wp\/v2\/pages\/4346"}],"collection":[{"href":"https:\/\/barcelona.intercontinental.com\/fr\/wp-json\/wp\/v2\/pages"}],"about":[{"href":"https:\/\/barcelona.intercontinental.com\/fr\/wp-json\/wp\/v2\/types\/page"}],"author":[{"embeddable":true,"href":"https:\/\/barcelona.intercontinental.com\/fr\/wp-json\/wp\/v2\/users\/1"}],"replies":[{"embeddable":true,"href":"https:\/\/barcelona.intercontinental.com\/fr\/wp-json\/wp\/v2\/comments?post=4346"}],"version-history":[{"count":7,"href":"https:\/\/barcelona.intercontinental.com\/fr\/wp-json\/wp\/v2\/pages\/4346\/revisions"}],"predecessor-version":[{"id":5556,"href":"https:\/\/barcelona.intercontinental.com\/fr\/wp-json\/wp\/v2\/pages\/4346\/revisions\/5556"}],"wp:attachment":[{"href":"https:\/\/barcelona.intercontinental.com\/fr\/wp-json\/wp\/v2\/media?parent=4346"}],"curies":[{"name":"wp","href":"https:\/\/api.w.org\/{rel}","templated":true}]}}