{"id":6304,"date":"2022-01-13T11:01:15","date_gmt":"2022-01-13T11:01:15","guid":{"rendered":"https:\/\/barcelona.intercontinental.com\/?page_id=6304"},"modified":"2024-06-05T14:42:37","modified_gmt":"2024-06-05T14:42:37","slug":"montjuic","status":"publish","type":"page","link":"https:\/\/barcelona.intercontinental.com\/ca\/montjuic\/","title":{"rendered":"Montju\u00efc"},"content":{"rendered":"\t\t<div data-elementor-type=\"wp-page\" data-elementor-id=\"6304\" class=\"elementor elementor-6304 elementor-6301\" data-elementor-post-type=\"page\">\n\t\t\t\t\t\t\t\t\t<section class=\"elementor-section elementor-top-section elementor-element elementor-element-ec6f851 elementor-section-stretched parallax parallax-room elementor-section-boxed elementor-section-height-default elementor-section-height-default\" data-id=\"ec6f851\" data-element_type=\"section\" data-settings=\"{&quot;stretch_section&quot;:&quot;section-stretched&quot;,&quot;background_background&quot;:&quot;classic&quot;}\">\n\t\t\t\t\t\t<div class=\"elementor-container elementor-column-gap-default\">\n\t\t\t\t\t<div class=\"elementor-column elementor-col-100 elementor-top-column elementor-element elementor-element-533fe74b\" data-id=\"533fe74b\" data-element_type=\"column\">\n\t\t\t<div class=\"elementor-widget-wrap\">\n\t\t\t\t\t\t\t\t\t<\/div>\n\t\t<\/div>\n\t\t\t\t\t\t\t<\/div>\n\t\t<\/section>\n\t\t\t\t<section class=\"elementor-section elementor-top-section elementor-element elementor-element-363815ad elementor-section-stretched elementor-section-boxed elementor-section-height-default elementor-section-height-default\" data-id=\"363815ad\" data-element_type=\"section\" data-settings=\"{&quot;stretch_section&quot;:&quot;section-stretched&quot;}\">\n\t\t\t\t\t\t<div class=\"elementor-container elementor-column-gap-default\">\n\t\t\t\t\t<div class=\"elementor-column elementor-col-100 elementor-top-column elementor-element elementor-element-6d203b4a\" data-id=\"6d203b4a\" data-element_type=\"column\">\n\t\t\t<div class=\"elementor-widget-wrap elementor-element-populated\">\n\t\t\t\t\t\t\t\t<div class=\"elementor-element elementor-element-5d78f8e2 elementor-widget elementor-widget-heading\" data-id=\"5d78f8e2\" data-element_type=\"widget\" data-widget_type=\"heading.default\">\n\t\t\t\t<div class=\"elementor-widget-container\">\n\t\t\t<h2 class=\"elementor-heading-title elementor-size-xl\">MONTJU\u00cfC<\/h2>\t\t<\/div>\n\t\t\t\t<\/div>\n\t\t\t\t<div class=\"elementor-element elementor-element-e16b358 elementor-widget elementor-widget-text-editor\" data-id=\"e16b358\" data-element_type=\"widget\" data-widget_type=\"text-editor.default\">\n\t\t\t\t<div class=\"elementor-widget-container\">\n\t\t\t\t\t\t\t<p style=\"text-align: center; margin-bottom: 0px;\"><span style=\"font-family: gillsans-italic-webfont;\"><span style=\"font-size: 24px;\">Un esdeveniment \u00fanic mereix un lloc \u00fanic<\/span><\/span><\/p>\t\t\t\t\t\t<\/div>\n\t\t\t\t<\/div>\n\t\t\t\t\t<\/div>\n\t\t<\/div>\n\t\t\t\t\t\t\t<\/div>\n\t\t<\/section>\n\t\t\t\t<section class=\"elementor-section elementor-top-section elementor-element elementor-element-76bb2d6 elementor-section-stretched elementor-section-boxed elementor-section-height-default elementor-section-height-default\" data-id=\"76bb2d6\" data-element_type=\"section\" data-settings=\"{&quot;stretch_section&quot;:&quot;section-stretched&quot;}\">\n\t\t\t\t\t\t<div class=\"elementor-container elementor-column-gap-default\">\n\t\t\t\t\t<div class=\"elementor-column elementor-col-50 elementor-top-column elementor-element elementor-element-a6b0951\" data-id=\"a6b0951\" data-element_type=\"column\">\n\t\t\t<div class=\"elementor-widget-wrap elementor-element-populated\">\n\t\t\t\t\t\t\t\t<div class=\"elementor-element elementor-element-8d11732 elementor-widget elementor-widget-text-editor\" data-id=\"8d11732\" data-element_type=\"widget\" data-widget_type=\"text-editor.default\">\n\t\t\t\t<div class=\"elementor-widget-container\">\n\t\t\t\t\t\t\t<p style=\"text-align: center;\">Envoltat de tota mena de serveis i llocs d\u2019inter\u00e8s hist\u00f2ric i contemporani, InterContinental\u00ae Barcelona ofereix unes instal\u00b7lacions excepcionals que us ajudaran a causar una impressi\u00f3 immillorable. Celebreu el vostre esdeveniment privat a la Terrassa de Montju\u00efc i deixeu-vos seduir per la privilegiada vista del Museu Nacional d\u2019Art de Catalunya, un dels edificis m\u00e9s emblem\u00e0tics de la ciutat. Celebreu casaments, aniversaris i tota mena d\u2019actes al nostre acollidor jard\u00ed. Un equip altament qualificat ser\u00e0 a la vostra disposici\u00f3, per entendre i satisfer les vostres necessitats i poder oferir-vos aix\u00ed un esdeveniment totalment personalitzat.<\/p><p style=\"text-align: center;\"><span style=\"font-weight: bold;\">Contacteu amb nosaltres\u00a0<\/span><span style=\"font-weight: bold;\"><a href=\"mailto:groups@icbarcelona.com\">groups@icbarcelona.com<\/a><\/span><\/p>\t\t\t\t\t\t<\/div>\n\t\t\t\t<\/div>\n\t\t\t\t\t<\/div>\n\t\t<\/div>\n\t\t\t\t<div class=\"elementor-column elementor-col-50 elementor-top-column elementor-element elementor-element-baa6aed\" data-id=\"baa6aed\" data-element_type=\"column\">\n\t\t\t<div class=\"elementor-widget-wrap elementor-element-populated\">\n\t\t\t\t\t\t\t\t<div class=\"elementor-element elementor-element-d9fa93d elementor-skin-slideshow elementor-arrows-yes elementor-widget elementor-widget-media-carousel\" data-id=\"d9fa93d\" data-element_type=\"widget\" data-settings=\"{&quot;skin&quot;:&quot;slideshow&quot;,&quot;effect&quot;:&quot;slide&quot;,&quot;show_arrows&quot;:&quot;yes&quot;,&quot;speed&quot;:500,&quot;autoplay&quot;:&quot;yes&quot;,&quot;autoplay_speed&quot;:5000,&quot;loop&quot;:&quot;yes&quot;,&quot;pause_on_hover&quot;:&quot;yes&quot;,&quot;pause_on_interaction&quot;:&quot;yes&quot;,&quot;space_between&quot;:{&quot;unit&quot;:&quot;px&quot;,&quot;size&quot;:10,&quot;sizes&quot;:[]},&quot;space_between_tablet&quot;:{&quot;unit&quot;:&quot;px&quot;,&quot;size&quot;:10,&quot;sizes&quot;:[]},&quot;space_between_mobile&quot;:{&quot;unit&quot;:&quot;px&quot;,&quot;size&quot;:10,&quot;sizes&quot;:[]}}\" data-widget_type=\"media-carousel.default\">\n\t\t\t\t<div class=\"elementor-widget-container\">\n\t\t\t\t\t<div class=\"elementor-swiper\">\n\t\t\t<div class=\"elementor-main-swiper swiper-container\">\n\t\t\t\t<div class=\"swiper-wrapper\">\n\t\t\t\t\t\t\t\t\t\t\t<div class=\"swiper-slide\">\n\t\t\t\t\t\t\t\t\t<div class=\"elementor-carousel-image\" role=\"img\" aria-label=\"I_TMONTJU\u00cfC_ABRIL_12\" style=\"background-image: url(&#039;https:\/\/barcelona.intercontinental.com\/wp-content\/uploads\/2024\/06\/I_TMONTJUIC_ABRIL_12-scaled.jpg&#039;)\">\n\n\t\t\t\n\t\t\t\t\t<\/div>\n\t\t\t\t\t\t\t\t<\/div>\n\t\t\t\t\t\t\t\t\t\t\t<div class=\"swiper-slide\">\n\t\t\t\t\t\t\t\t\t<div class=\"elementor-carousel-image\" role=\"img\" aria-label=\"Montju\u00efc_covered\" style=\"background-image: url(&#039;https:\/\/barcelona.intercontinental.com\/wp-content\/uploads\/2021\/12\/Montjuic_covered.jpg&#039;)\">\n\n\t\t\t\n\t\t\t\t\t<\/div>\n\t\t\t\t\t\t\t\t<\/div>\n\t\t\t\t\t\t\t\t\t\t\t<div class=\"swiper-slide\">\n\t\t\t\t\t\t\t\t\t<div class=\"elementor-carousel-image\" role=\"img\" aria-label=\"InterContinental Barcelona - Montju\u00efc Summer Pop Up Restaurant at night\" style=\"background-image: url(&#039;https:\/\/barcelona.intercontinental.com\/wp-content\/uploads\/2023\/06\/InterContinental-Barcelona-Montjuic-Summer-Pop-Up-Restaurant-at-night-scaled.jpg&#039;)\">\n\n\t\t\t\n\t\t\t\t\t<\/div>\n\t\t\t\t\t\t\t\t<\/div>\n\t\t\t\t\t\t\t\t\t\t\t<div class=\"swiper-slide\">\n\t\t\t\t\t\t\t\t\t<div class=\"elementor-carousel-image\" role=\"img\" aria-label=\"InterContinental Barcelona - Montju\u00efc Summer Pop Up Restaurant set up 4\" style=\"background-image: url(&#039;https:\/\/barcelona.intercontinental.com\/wp-content\/uploads\/2023\/06\/InterContinental-Barcelona-Montjuic-Summer-Pop-Up-Restaurant-set-up-4-scaled.jpg&#039;)\">\n\n\t\t\t\n\t\t\t\t\t<\/div>\n\t\t\t\t\t\t\t\t<\/div>\n\t\t\t\t\t\t\t\t\t\t\t<div class=\"swiper-slide\">\n\t\t\t\t\t\t\t\t\t<div class=\"elementor-carousel-image\" role=\"img\" aria-label=\"InterContinental Barcelona - Montju\u00efc Summer Pop Up Restaurant - Seabass and prawn ceviche with corn and banana crisp\" style=\"background-image: url(&#039;https:\/\/barcelona.intercontinental.com\/wp-content\/uploads\/2023\/06\/InterContinental-Barcelona-Montjuic-Summer-Pop-Up-Restaurant-Seabass-and-prawn-ceviche-with-corn-and-banana-crisp-scaled.jpg&#039;)\">\n\n\t\t\t\n\t\t\t\t\t<\/div>\n\t\t\t\t\t\t\t\t<\/div>\n\t\t\t\t\t\t\t\t\t<\/div>\n\t\t\t\t\t\t\t\t\t\t\t\t\t\t\t\t\t\t\t\t<div class=\"elementor-swiper-button elementor-swiper-button-prev\" role=\"button\" tabindex=\"0\">\n\t\t\t\t\t\t\t<i aria-hidden=\"true\" class=\"eicon-chevron-left\"><\/i>\t\t\t\t\t\t\t<span class=\"elementor-screen-only\">Previous<\/span>\n\t\t\t\t\t\t<\/div>\n\t\t\t\t\t\t<div class=\"elementor-swiper-button elementor-swiper-button-next\" role=\"button\" tabindex=\"0\">\n\t\t\t\t\t\t\t<i aria-hidden=\"true\" class=\"eicon-chevron-right\"><\/i>\t\t\t\t\t\t\t<span class=\"elementor-screen-only\">Next<\/span>\n\t\t\t\t\t\t<\/div>\n\t\t\t\t\t\t\t\t\t\t\t\t<\/div>\n\t\t<\/div>\n\t\t\t\t<div class=\"elementor-swiper\">\n\t\t\t<div class=\"elementor-thumbnails-swiper swiper-container\">\n\t\t\t\t<div class=\"swiper-wrapper\">\n\t\t\t\t\t\t\t\t\t\t\t<div class=\"swiper-slide\">\n\t\t\t\t\t\t\t\t\t<div class=\"elementor-carousel-image\" role=\"img\" aria-label=\"I_TMONTJU\u00cfC_ABRIL_12\" style=\"background-image: url(&#039;https:\/\/barcelona.intercontinental.com\/wp-content\/uploads\/2024\/06\/I_TMONTJUIC_ABRIL_12-scaled.jpg&#039;)\">\n\n\t\t\t\n\t\t\t\t\t<\/div>\n\t\t\t\t\t\t\t\t<\/div>\n\t\t\t\t\t\t\t\t\t\t\t<div class=\"swiper-slide\">\n\t\t\t\t\t\t\t\t\t<div class=\"elementor-carousel-image\" role=\"img\" aria-label=\"Montju\u00efc_covered\" style=\"background-image: url(&#039;https:\/\/barcelona.intercontinental.com\/wp-content\/uploads\/2021\/12\/Montjuic_covered.jpg&#039;)\">\n\n\t\t\t\n\t\t\t\t\t<\/div>\n\t\t\t\t\t\t\t\t<\/div>\n\t\t\t\t\t\t\t\t\t\t\t<div class=\"swiper-slide\">\n\t\t\t\t\t\t\t\t\t<div class=\"elementor-carousel-image\" role=\"img\" aria-label=\"InterContinental Barcelona - Montju\u00efc Summer Pop Up Restaurant at night\" style=\"background-image: url(&#039;https:\/\/barcelona.intercontinental.com\/wp-content\/uploads\/2023\/06\/InterContinental-Barcelona-Montjuic-Summer-Pop-Up-Restaurant-at-night-scaled.jpg&#039;)\">\n\n\t\t\t\n\t\t\t\t\t<\/div>\n\t\t\t\t\t\t\t\t<\/div>\n\t\t\t\t\t\t\t\t\t\t\t<div class=\"swiper-slide\">\n\t\t\t\t\t\t\t\t\t<div class=\"elementor-carousel-image\" role=\"img\" aria-label=\"InterContinental Barcelona - Montju\u00efc Summer Pop Up Restaurant set up 4\" style=\"background-image: url(&#039;https:\/\/barcelona.intercontinental.com\/wp-content\/uploads\/2023\/06\/InterContinental-Barcelona-Montjuic-Summer-Pop-Up-Restaurant-set-up-4-scaled.jpg&#039;)\">\n\n\t\t\t\n\t\t\t\t\t<\/div>\n\t\t\t\t\t\t\t\t<\/div>\n\t\t\t\t\t\t\t\t\t\t\t<div class=\"swiper-slide\">\n\t\t\t\t\t\t\t\t\t<div class=\"elementor-carousel-image\" role=\"img\" aria-label=\"InterContinental Barcelona - Montju\u00efc Summer Pop Up Restaurant - Seabass and prawn ceviche with corn and banana crisp\" style=\"background-image: url(&#039;https:\/\/barcelona.intercontinental.com\/wp-content\/uploads\/2023\/06\/InterContinental-Barcelona-Montjuic-Summer-Pop-Up-Restaurant-Seabass-and-prawn-ceviche-with-corn-and-banana-crisp-scaled.jpg&#039;)\">\n\n\t\t\t\n\t\t\t\t\t<\/div>\n\t\t\t\t\t\t\t\t<\/div>\n\t\t\t\t\t\t\t\t\t<\/div>\n\t\t\t\t\t\t\t\t\t\t\t\t\t\t\t\t\t\t\t\t\t<\/div>\n\t\t<\/div>\n\t\t\t\t<\/div>\n\t\t\t\t<\/div>\n\t\t\t\t\t<\/div>\n\t\t<\/div>\n\t\t\t\t\t\t\t<\/div>\n\t\t<\/section>\n\t\t\t\t\t\t\t<\/div>\n\t\t","protected":false},"excerpt":{"rendered":"<p>MONTJU\u00cfC Un esdeveniment \u00fanic mereix un lloc \u00fanic Envoltat de tota mena de serveis i llocs d\u2019inter\u00e8s hist\u00f2ric i contemporani, InterContinental\u00ae Barcelona ofereix unes instal\u00b7lacions excepcionals que us ajudaran a causar una impressi\u00f3 immillorable. Celebreu el vostre esdeveniment privat a la Terrassa de Montju\u00efc i deixeu-vos seduir per la privilegiada vista del Museu Nacional d\u2019Art &#8230; <a title=\"Montju\u00efc\" class=\"read-more\" href=\"https:\/\/barcelona.intercontinental.com\/ca\/montjuic\/\" aria-label=\"M\u00e9s sobre Montju\u00efc\">Llegiu m\u00e9s<\/a><\/p>\n","protected":false},"author":1,"featured_media":0,"parent":0,"menu_order":0,"comment_status":"closed","ping_status":"closed","template":"","meta":{"footnotes":""},"acf":[],"_links":{"self":[{"href":"https:\/\/barcelona.intercontinental.com\/ca\/wp-json\/wp\/v2\/pages\/6304"}],"collection":[{"href":"https:\/\/barcelona.intercontinental.com\/ca\/wp-json\/wp\/v2\/pages"}],"about":[{"href":"https:\/\/barcelona.intercontinental.com\/ca\/wp-json\/wp\/v2\/types\/page"}],"author":[{"embeddable":true,"href":"https:\/\/barcelona.intercontinental.com\/ca\/wp-json\/wp\/v2\/users\/1"}],"replies":[{"embeddable":true,"href":"https:\/\/barcelona.intercontinental.com\/ca\/wp-json\/wp\/v2\/comments?post=6304"}],"version-history":[{"count":8,"href":"https:\/\/barcelona.intercontinental.com\/ca\/wp-json\/wp\/v2\/pages\/6304\/revisions"}],"predecessor-version":[{"id":12038,"href":"https:\/\/barcelona.intercontinental.com\/ca\/wp-json\/wp\/v2\/pages\/6304\/revisions\/12038"}],"wp:attachment":[{"href":"https:\/\/barcelona.intercontinental.com\/ca\/wp-json\/wp\/v2\/media?parent=6304"}],"curies":[{"name":"wp","href":"https:\/\/api.w.org\/{rel}","templated":true}]}}