{"id":4135,"date":"2021-09-09T13:35:30","date_gmt":"2021-09-09T13:35:30","guid":{"rendered":"https:\/\/barcelona.intercontinental.com\/privacy-cookie-policy\/"},"modified":"2021-11-17T15:28:05","modified_gmt":"2021-11-17T15:28:05","slug":"privacy-cookie-policy","status":"publish","type":"page","link":"https:\/\/barcelona.intercontinental.com\/ca\/privacy-cookie-policy\/","title":{"rendered":"Pol\u00edtica de privactitat i cookies"},"content":{"rendered":"\t\t<div data-elementor-type=\"wp-page\" data-elementor-id=\"4135\" class=\"elementor elementor-4135 elementor-3123\" data-elementor-post-type=\"page\">\n\t\t\t\t\t\t\t\t\t<section class=\"elementor-section elementor-top-section elementor-element elementor-element-f8237f5 elementor-section-stretched elementor-section-boxed elementor-section-height-default elementor-section-height-default\" data-id=\"f8237f5\" data-element_type=\"section\" data-settings=\"{&quot;stretch_section&quot;:&quot;section-stretched&quot;}\">\n\t\t\t\t\t\t<div class=\"elementor-container elementor-column-gap-default\">\n\t\t\t\t\t<div class=\"elementor-column elementor-col-100 elementor-top-column elementor-element elementor-element-35ef9e0\" data-id=\"35ef9e0\" data-element_type=\"column\">\n\t\t\t<div class=\"elementor-widget-wrap elementor-element-populated\">\n\t\t\t\t\t\t\t\t<div class=\"elementor-element elementor-element-73de5a0 elementor-widget elementor-widget-spacer\" data-id=\"73de5a0\" data-element_type=\"widget\" data-widget_type=\"spacer.default\">\n\t\t\t\t<div class=\"elementor-widget-container\">\n\t\t\t\t\t<div class=\"elementor-spacer\">\n\t\t\t<div class=\"elementor-spacer-inner\"><\/div>\n\t\t<\/div>\n\t\t\t\t<\/div>\n\t\t\t\t<\/div>\n\t\t\t\t<div class=\"elementor-element elementor-element-78f073e elementor-widget elementor-widget-heading\" data-id=\"78f073e\" data-element_type=\"widget\" data-widget_type=\"heading.default\">\n\t\t\t\t<div class=\"elementor-widget-container\">\n\t\t\t<h2 class=\"elementor-heading-title elementor-size-default\">Pol\u00edtica de privacitat i cookies<\/h2>\t\t<\/div>\n\t\t\t\t<\/div>\n\t\t\t\t<div class=\"elementor-element elementor-element-0457679 elementor-widget elementor-widget-text-editor\" data-id=\"0457679\" data-element_type=\"widget\" data-widget_type=\"text-editor.default\">\n\t\t\t\t<div class=\"elementor-widget-container\">\n\t\t\t\t\t\t\t<p><b>OBJECTE SOCIAL<\/b><\/p>\n<p>HOTEL FIRA, SAU t\u00e9 com a activitat l&#8217;explotaci\u00f3 de la ind\u00fastria hotelera i l&#8217;administraci\u00f3 directa o indirecta d&#8217;hotels, negocis connexos i serveis d&#8217;hostaleria.<\/p>\n<p><b>&nbsp;<\/b><\/p>\n<p><b>IDENTIFICACI\u00d3<\/b><\/p>\n<p>En compliment amb el deure d&#8217;informaci\u00f3 recollit a l\u2019article 10 de la Llei 34\/2002, d&#8217;11 de juliol, de Serveis de la Societat de la Informaci\u00f3 i del Comer\u00e7 Electr\u00f2nic, les dades aqu\u00ed consignades corresponen a l&#8217;entitat titular del web: <u>www.barcelona.intercontinental.com<\/u>.<\/p>\n<p><b>Denominaci\u00f3 social: <\/b>HOTEL FIRA, SAU<\/p>\n<p><b>Domicili: <\/b>AV. RIUS I TAULET, 1-3 \u2013 08004- BARCELONA.<b>&nbsp;&nbsp;<\/b><\/p>\n<p><strong>Tel\u00e8fon:<\/strong>&nbsp;934262223 \/&nbsp;<strong>Fax:<\/strong>&nbsp;934238861 \/ <strong>Adre\u00e7a electr\u00f2nica:&nbsp;<\/strong>&nbsp;j.brito@springhoteles.com<\/p>\n<p><strong>CIF:<\/strong>&nbsp;A61691739<\/p>\n<p><b>Inscripci\u00f3 registral:<\/b> R.M. Barcelona, T.30896, F. 94, H.B-180060, INSCRIP. 1\u00aa<\/p>\n<p><b>PROPIETAT INTEL\u00b7LECTUAL I INDUSTRIAL<\/b><\/p>\n<p>Tots els drets de Propietat Industrial i Intel\u00b7lectual de la totalitat dels elements continguts en aquest web, incloses les marques comercials, formats, dissenys gr\u00e0fics, textos, imatges i documents, pertanyen a HOTEL FIRA, SAU i es troben protegits per les lleis espanyoles i internacionals sobre propietat Intel\u00b7lectual i Industrial. Queda expressament prohibida la reproducci\u00f3 total o parcial d&#8217;aquest lloc web i de qualsevol dels seus continguts sense el perm\u00eds expr\u00e9s i per escrit d&#8217;HOTEL FIRA, SAU.<\/p>\n<p>L&#8217;acc\u00e9s al lloc web no implica cap tipus de ren\u00fancia, transmissi\u00f3, llic\u00e8ncia o cessi\u00f3 dels drets esmentats per part d&#8217;HOTEL FIRA, SAU, tret que s&#8217;estableixi expressament el contrari.<\/p>\n<div>&nbsp;<\/div>\n<p><b>CONDICIONS D&#8217;\u00daS<\/b><\/p>\n<p>L&#8217;acc\u00e9s a aquest lloc web implica l&#8217;acceptaci\u00f3 sense reserves d&#8217;aquestes condicions d&#8217;\u00fas, que regulen l&#8217;acc\u00e9s i la utilitzaci\u00f3 del mateix a fi de posar a disposici\u00f3 dels usuaris informaci\u00f3 sobre els nostres productes i serveis.<\/p>\n<p>Es prohibeix expressament la utilitzaci\u00f3 dels continguts d&#8217;aquest lloc web per a la seva utilitzaci\u00f3 amb finalitats comercials o per a la seva distribuci\u00f3, transformaci\u00f3 o comunicaci\u00f3.<\/p>\n<p>HOTEL FIRA, SAU no respondr\u00e0 de cap conseq\u00fc\u00e8ncia, dany o perjudici que poguessin derivar-se de l&#8217;esmentada utilitzaci\u00f3 o \u00fas de la informaci\u00f3.<\/p>\n<p>Tant l&#8217;acc\u00e9s a aquest web com l&#8217;\u00fas que pugui fer-se de la informaci\u00f3 que hi cont\u00e9 \u00e9s responsabilitat exclusiva de qui ho realitza.<\/p>\n<p>L&#8217;usuari s&#8217;obliga a no utilitzar la informaci\u00f3 que es publica en aquest web amb finalitats o efectes il\u00b7l\u00edcits o lesius, a no danyar o inutilitzar la informaci\u00f3 i a no realitzar qualsevol altra acci\u00f3 que pugui ser contr\u00e0ria al contingut d&#8217;aquest Av\u00eds Legal.<\/p>\n<p>HOTEL FIRA, SAU es reserva el dret a modificar els continguts de l&#8217;oferta comercial dels productes quan ho estimi oport\u00fa i a mantenir el seu contingut actualitzat.<\/p>\n<p>HOTEL FIRA, SAU no pot assegurar la inexist\u00e8ncia d&#8217;interrupcions o errors en l&#8217;acc\u00e9s a aquest lloc web, encara que s\u2019esfor\u00e7ar\u00e0 al m\u00e0xim per evitar-los.<\/p>\n<p><b>POL\u00cdTICA DE PROTECCI\u00d3 DE DADES<\/b><\/p>\n<p>En compliment de la Llei Org\u00e0nica 15\/1999, de 13 de desembre, de Protecci\u00f3 de Dades de Car\u00e0cter Personal i la seva normativa de desenvolupament, se us informa que les dades personals que faciliteu s\u2019incorporaran a un fitxer automatitzat, el responsable del qual i titular \u00e9s HOTEL FIRA, SAU, amb la finalitat prestar-vos els nostres serveis.<\/p>\n<p>A trav\u00e9s de l&#8217;emplenament de formularis de reserva del web, o de contacte, o mitjan\u00e7ant l&#8217;enviament de correus electr\u00f2nics o qualsevol altre tipus de sol\u00b7licitud d&#8217;informaci\u00f3 remesa a HOTEL FIRA, SAU, l&#8217;interessat presta el seu consentiment expr\u00e9s per al tractament de les seves dades personals i per rebre comunicacions comercials sobre els serveis d&#8217;HOTEL FIRA, SAU.<\/p>\n<p>En subscriure-vos a la nostra \u201cNewsletter\u201d, participareu en el sorteig \u201cReserva i Guanya\u201d. Si resulteu guanyador, atorgueu el vostre consentiment per a la publicaci\u00f3 a la p\u00e0gina web d&#8217;Hotel Fira, SAU, del nom, cognoms i nacionalitat.<\/p>\n<p>En cap cas HOTEL FIRA, SAU utilitzar\u00e0 les dades personals dels interessats per a finalitats diferents de les esmentades anteriorment, i es compromet a guardar el degut secret professional i a establir les mesures t\u00e8cniques i organitzatives necess\u00e0ries per salvaguardar la informaci\u00f3 conforme als requeriments que estableix el RD 1720\/2007, de desenvolupament de la LOPD.<\/p>\n<p>Podeu exercir els drets d&#8217;acc\u00e9s, rectificaci\u00f3, cancel\u00b7laci\u00f3 i oposici\u00f3 en qualsevol moment, mitjan\u00e7ant escrit, acompanyat de c\u00f2pia de document oficial que us identifiqui, dirigit a HOTEL FIRA, SAU, Av. Rius i Taulet, 1-3 -08004- Barcelona.<\/p>\n<p><b>TREBALLEU AMB NOSALTRES<\/b><\/p>\n<p>Si ens envieu el q\u00fcestionari emplenat amb les vostres dades personals o ens envieu el vostre curr\u00edculum, quedeu informat, en virtut del que disposa l&#8217;article 5 de la Llei Org\u00e0nica 15\/1999 de Protecci\u00f3 de Dades de Car\u00e0cter Personal, que les vostres dades seran utilitzades per contactar-vos quan iniciem un nou proc\u00e9s de selecci\u00f3, sense que puguin ser utilitzades per a una altra finalitat. Les vostres dades s\u2019inclouran en un fitxer, el responsable del qual \u00e9s HOTEL FIRA, SAU.<\/p>\n<p>Quan iniciem algun proc\u00e9s de selecci\u00f3, en qu\u00e8 encaixi el vostre perfil, us contactarem. Mentrestant, mantindrem les vostres dades personals durant el per\u00edode de dos anys a fi de poder comptar amb la vostra participaci\u00f3. Per aquesta ra\u00f3, i en compliment del principi de qualitat de les dades, us preguem que en cas que s\u2019hi produeixi alguna modificaci\u00f3, ens ho comuniqueu oportunament.<\/p>\n<p>Podeu exercir els drets d&#8217;acc\u00e9s, rectificaci\u00f3, cancel\u00b7laci\u00f3 i oposici\u00f3 en qualsevol moment, mitjan\u00e7ant escrit, acompanyat de c\u00f2pia de document oficial que us identifiqui, dirigit a HOTEL FIRA, SAU, Av. Rius i Taulet, 1-3 -08004- Barcelona.<\/p>\n<p><b>POL\u00cdTICA DE PROTECCI\u00d3 DE MENORS<\/b><\/p>\n<p>Qui facilita les dades a trav\u00e9s dels formularis d&#8217;aquest web i accepta el seu tractament declara formalment ser major de 14 anys.<\/p>\n<p>Queden prohibits l&#8217;acc\u00e9s i l\u2019\u00fas del portal als menors de 14 anys d&#8217;edat.<\/p>\n<p>HOTEL FIRA, SAU recorda les persones majors d&#8217;edat amb menors al seu c\u00e0rrec, que si algun menor incorpora les seves dades per sol\u00b7licitar algun servei, ser\u00e0 la seva exclusiva responsabilitat.<\/p>\n<p>Tamb\u00e9 els informa que existeixen programes inform\u00e0tics per delimitar la navegaci\u00f3 mitjan\u00e7ant el filtre o bloqueig a determinats continguts.<\/p>\n<div>&nbsp;<\/div>\n<p><b>POL\u00cdTICA DE COOKIES<\/b><\/p>\n<p>Aquest web pot utilitzar \u201ccookies\u201d d&#8217;\u00fas intern imprescindibles per a la prestaci\u00f3 dels serveis sol\u00b7licitats pels usuaris i necess\u00e0ries per a la navegaci\u00f3.<\/p>\n<p>Les \u201ccookies\u201d que pot utilitzar aquest lloc web s\u00f3n petites quantitats d&#8217;informaci\u00f3 que s&#8217;emmagatzemen a l&#8217;ordinador amb l&#8217;\u00fanica finalitat de gestionar l&#8217;autenticaci\u00f3 dels usuaris i la prestaci\u00f3 dels serveis sol\u00b7licitats i d\u2019efectuar la transmissi\u00f3 de comunicacions per la Xarxa, d&#8217;acord amb el que estableix l&#8217;article 22 de la Llei 34\/2012 de Serveis de la Societat de la Informaci\u00f3 (LSSI).<\/p>\n<p>L&#8217;usuari t\u00e9 la possibilitat d&#8217;impedir la instal\u00b7laci\u00f3 de \u201ccookies\u201d al seu disc dur, configurar el seu navegador per ser informat abans que les \u201ccookies\u201d s&#8217;emmagatzemin al seu ordinador o eliminar les que s&#8217;hagin instal\u00b7lat. L&#8217;usuari pot configurar el seu navegador per especificar les \u201ccookies\u201d que poden ser acceptades i les que no, pot tamb\u00e9 acceptar \u201ccookies\u201d de sessi\u00f3, de manera que s&#8217;eliminin quan es tanqui el navegador i pot, en qualsevol moment, veure i esborrar les \u201ccookies\u201d individualment.<\/p>\n<p>Tot i que us advertim que el fet de no acceptar les \u201ccookies\u201d del nostre lloc web pot suposar la impossibilitat o una important limitaci\u00f3 perqu\u00e8 puguem prestar-vos els nostres serveis.<\/p>\n<p>Si us plau, consulteu les instruccions i manuals del vostre navegador si voleu ampliar la informaci\u00f3 sobre la gesti\u00f3 de les \u201ccookies\u201d.<\/p>\n<div>&nbsp;<\/div>\n<p><b>ENLLA\u00c7OS A ALTRES WEBS<\/b><\/p>\n<p>Els enlla\u00e7os (links) que podeu trobar en aquest web s\u00f3n un servei als usuaris. Aquestes p\u00e0gines no s\u00f3n operades ni controlades per HOTEL FIRA, SAU, per aix\u00f2, HOTEL FIRA, SAU no es fa responsable dels continguts d&#8217;aquests llocs web ni estan coberts pel present Av\u00eds Legal. Si accediu a aquestes p\u00e0gines web, haureu de tenir en compte que les seves pol\u00edtiques de privacitat poden ser diferents de la nostra.<\/p>\n<p><b>LEGISLACI\u00d3 APLICABLE I COMPET\u00c8NCIA JURISDICCIONAL<\/b><\/p>\n<p>El present Av\u00eds Legal es regeix per la normativa espanyola vigent que li \u00e9s d&#8217;aplicaci\u00f3.<\/p>\n<p>Per a la resoluci\u00f3 de les controv\u00e8rsies que poguessin derivar-se com a conseq\u00fc\u00e8ncia del que disposen aquestes disposicions i sobre la seva interpretaci\u00f3, aplicaci\u00f3 i compliment. L&#8217;usuari, en virtut de l&#8217;acceptaci\u00f3 de les condicions recollides en aquest Av\u00eds Legal, renuncia expressament a qualsevol altre fur que pogu\u00e9s correspondre-li.<\/p>\n<p>En qualsevol cas, dins la jurisdicci\u00f3 espanyola, si la legislaci\u00f3 permet\u00e9s sotmetre&#8217;s a un fur en concret, l&#8217;usuari renuncia expressament al fur que pogu\u00e9s correspondre-li i se sotmet volunt\u00e0riament a la jurisdicci\u00f3 dels Jutjats i Tribunals de Barcelona.<\/p>\t\t\t\t\t\t<\/div>\n\t\t\t\t<\/div>\n\t\t\t\t\t<\/div>\n\t\t<\/div>\n\t\t\t\t\t\t\t<\/div>\n\t\t<\/section>\n\t\t\t\t\t\t\t<\/div>\n\t\t","protected":false},"excerpt":{"rendered":"<p>Pol\u00edtica de privacitat i cookies OBJECTE SOCIAL HOTEL FIRA, SAU t\u00e9 com a activitat l&#8217;explotaci\u00f3 de la ind\u00fastria hotelera i l&#8217;administraci\u00f3 directa o indirecta d&#8217;hotels, negocis connexos i serveis d&#8217;hostaleria. &nbsp; IDENTIFICACI\u00d3 En compliment amb el deure d&#8217;informaci\u00f3 recollit a l\u2019article 10 de la Llei 34\/2002, d&#8217;11 de juliol, de Serveis de la Societat de &#8230; <a title=\"Pol\u00edtica de privactitat i cookies\" class=\"read-more\" href=\"https:\/\/barcelona.intercontinental.com\/ca\/privacy-cookie-policy\/\" aria-label=\"M\u00e9s sobre Pol\u00edtica de privactitat i cookies\">Llegiu m\u00e9s<\/a><\/p>\n","protected":false},"author":1,"featured_media":0,"parent":0,"menu_order":0,"comment_status":"closed","ping_status":"closed","template":"","meta":{"footnotes":""},"acf":[],"_links":{"self":[{"href":"https:\/\/barcelona.intercontinental.com\/ca\/wp-json\/wp\/v2\/pages\/4135"}],"collection":[{"href":"https:\/\/barcelona.intercontinental.com\/ca\/wp-json\/wp\/v2\/pages"}],"about":[{"href":"https:\/\/barcelona.intercontinental.com\/ca\/wp-json\/wp\/v2\/types\/page"}],"author":[{"embeddable":true,"href":"https:\/\/barcelona.intercontinental.com\/ca\/wp-json\/wp\/v2\/users\/1"}],"replies":[{"embeddable":true,"href":"https:\/\/barcelona.intercontinental.com\/ca\/wp-json\/wp\/v2\/comments?post=4135"}],"version-history":[{"count":28,"href":"https:\/\/barcelona.intercontinental.com\/ca\/wp-json\/wp\/v2\/pages\/4135\/revisions"}],"predecessor-version":[{"id":5495,"href":"https:\/\/barcelona.intercontinental.com\/ca\/wp-json\/wp\/v2\/pages\/4135\/revisions\/5495"}],"wp:attachment":[{"href":"https:\/\/barcelona.intercontinental.com\/ca\/wp-json\/wp\/v2\/media?parent=4135"}],"curies":[{"name":"wp","href":"https:\/\/api.w.org\/{rel}","templated":true}]}}