{"id":3676,"date":"2021-05-18T08:22:22","date_gmt":"2021-05-18T08:22:22","guid":{"rendered":"https:\/\/barcelona.intercontinental.com\/rooms-suites\/"},"modified":"2025-07-01T09:26:25","modified_gmt":"2025-07-01T09:26:25","slug":"rooms-suites","status":"publish","type":"page","link":"https:\/\/barcelona.intercontinental.com\/ca\/rooms-suites\/","title":{"rendered":"HABITACIONS I SUITES"},"content":{"rendered":"\t\t<div data-elementor-type=\"wp-page\" data-elementor-id=\"3676\" class=\"elementor elementor-3676 elementor-520\" data-elementor-post-type=\"page\">\n\t\t\t\t\t\t\t\t\t<section class=\"elementor-section elementor-top-section elementor-element elementor-element-06c2eb1 elementor-section-stretched elementor-section-boxed elementor-section-height-default elementor-section-height-default\" data-id=\"06c2eb1\" data-element_type=\"section\" data-settings=\"{&quot;stretch_section&quot;:&quot;section-stretched&quot;}\">\n\t\t\t\t\t\t<div class=\"elementor-container elementor-column-gap-default\">\n\t\t\t\t\t<div class=\"elementor-column elementor-col-100 elementor-top-column elementor-element elementor-element-45ea48e\" data-id=\"45ea48e\" data-element_type=\"column\">\n\t\t\t<div class=\"elementor-widget-wrap elementor-element-populated\">\n\t\t\t\t\t\t\t\t<div class=\"elementor-element elementor-element-83c4518 elementor-widget elementor-widget-spacer\" data-id=\"83c4518\" data-element_type=\"widget\" data-widget_type=\"spacer.default\">\n\t\t\t\t<div class=\"elementor-widget-container\">\n\t\t\t\t\t<div class=\"elementor-spacer\">\n\t\t\t<div class=\"elementor-spacer-inner\"><\/div>\n\t\t<\/div>\n\t\t\t\t<\/div>\n\t\t\t\t<\/div>\n\t\t\t\t\t<\/div>\n\t\t<\/div>\n\t\t\t\t\t\t\t<\/div>\n\t\t<\/section>\n\t\t\t\t<section class=\"elementor-section elementor-top-section elementor-element elementor-element-50aaaa8 elementor-section-stretched elementor-section-boxed elementor-section-height-default elementor-section-height-default\" data-id=\"50aaaa8\" data-element_type=\"section\" data-settings=\"{&quot;stretch_section&quot;:&quot;section-stretched&quot;}\">\n\t\t\t\t\t\t<div class=\"elementor-container elementor-column-gap-default\">\n\t\t\t\t\t<div class=\"elementor-column elementor-col-100 elementor-top-column elementor-element elementor-element-bf9691f\" data-id=\"bf9691f\" data-element_type=\"column\">\n\t\t\t<div class=\"elementor-widget-wrap elementor-element-populated\">\n\t\t\t\t\t\t\t\t<div class=\"elementor-element elementor-element-1147313 elementor-widget elementor-widget-heading\" data-id=\"1147313\" data-element_type=\"widget\" data-widget_type=\"heading.default\">\n\t\t\t\t<div class=\"elementor-widget-container\">\n\t\t\t<h2 class=\"elementor-heading-title elementor-size-xl\">HABITACIONS I SUITES<\/h2>\t\t<\/div>\n\t\t\t\t<\/div>\n\t\t\t\t<div class=\"elementor-element elementor-element-14d56cc elementor-widget elementor-widget-text-editor\" data-id=\"14d56cc\" data-element_type=\"widget\" data-widget_type=\"text-editor.default\">\n\t\t\t\t<div class=\"elementor-widget-container\">\n\t\t\t\t\t\t\t<p style=\"text-align: center;\">Cada detall \u00e9s una decisi\u00f3 presa a consci\u00e8ncia per fer que sentiu el luxe en el seu estat m\u00e9s pur. A InterContinental\u00ae Barcelona, sabem que el luxe pot adoptar formes infinites. Us ajudem a triar el confort que millor se us adapti.<\/p>\t\t\t\t\t\t<\/div>\n\t\t\t\t<\/div>\n\t\t\t\t\t<\/div>\n\t\t<\/div>\n\t\t\t\t\t\t\t<\/div>\n\t\t<\/section>\n\t\t\t\t<section class=\"elementor-section elementor-top-section elementor-element elementor-element-2ba9d23 elementor-section-stretched elementor-section-boxed elementor-section-height-default elementor-section-height-default\" data-id=\"2ba9d23\" data-element_type=\"section\" data-settings=\"{&quot;stretch_section&quot;:&quot;section-stretched&quot;}\">\n\t\t\t\t\t\t<div class=\"elementor-container elementor-column-gap-default\">\n\t\t\t\t\t<div class=\"elementor-column elementor-col-33 elementor-top-column elementor-element elementor-element-ab62483\" data-id=\"ab62483\" data-element_type=\"column\">\n\t\t\t<div class=\"elementor-widget-wrap elementor-element-populated\">\n\t\t\t\t\t\t\t\t<div class=\"elementor-element elementor-element-f4a4a4b gillsans-light-webfont elementor-widget__width-initial elementor-widget elementor-widget-heading\" data-id=\"f4a4a4b\" data-element_type=\"widget\" data-widget_type=\"heading.default\">\n\t\t\t\t<div class=\"elementor-widget-container\">\n\t\t\t<div class=\"elementor-heading-title elementor-size-default\">Executive Suite<\/div>\t\t<\/div>\n\t\t\t\t<\/div>\n\t\t\t\t<div class=\"elementor-element elementor-element-f768415 elementor-widget elementor-widget-image\" data-id=\"f768415\" data-element_type=\"widget\" data-widget_type=\"image.default\">\n\t\t\t\t<div class=\"elementor-widget-container\">\n\t\t\t\t\t\t\t\t\t\t\t\t\t\t\t<img decoding=\"async\" src=\"https:\/\/barcelona.intercontinental.com\/wp-content\/uploads\/elementor\/thumbs\/I_julio_suits_executive3-1-q37byi9lyoc0xxxlsllz2rh6xy6806fesybys00f1c.jpg\" title=\"I_julio_suits_executive3-1.jpg\" alt=\"I_julio_suits_executive3-1.jpg\" loading=\"lazy\" \/>\t\t\t\t\t\t\t\t\t\t\t\t\t\t\t<\/div>\n\t\t\t\t<\/div>\n\t\t\t\t<div class=\"elementor-element elementor-element-c0606d8 room-suite-text elementor-widget elementor-widget-text-editor\" data-id=\"c0606d8\" data-element_type=\"widget\" data-widget_type=\"text-editor.default\">\n\t\t\t\t<div class=\"elementor-widget-container\">\n\t\t\t\t\t\t\t<p style=\"text-align: center;\">La Suite Executive \u00e9s una habitaci\u00f3 elegant i est\u00e0 equipada amb \u00faltima tecnologia. Aquesta luxosa estada de 55 m\u00b2 ofereix el m\u00e0xim confort i permet gaudir de les vistes espectaculars de Barcelona.<\/p>\t\t\t\t\t\t<\/div>\n\t\t\t\t<\/div>\n\t\t\t\t<div class=\"elementor-element elementor-element-c09369e elementor-widget elementor-widget-elementskit-button\" data-id=\"c09369e\" data-element_type=\"widget\" data-widget_type=\"elementskit-button.default\">\n\t\t\t\t<div class=\"elementor-widget-container\">\n\t\t\t<div class=\"ekit-wid-con\" >\t\t<div class=\"ekit-btn-wraper\">\n\t\t\t\t\t\t\t<a href=\"https:\/\/barcelona.intercontinental.com\/ca\/executive-suite\/\" class=\"elementskit-btn  whitespace--normal\" >\n\t\t\t\t\t\n\t\t\t\t\t\n\t\t\t\t\tLlegir M\u00e9s\t\t\t\t<\/a>\n\t\t\t\t\t\t<\/div>\n        <\/div>\t\t<\/div>\n\t\t\t\t<\/div>\n\t\t\t\t\t<\/div>\n\t\t<\/div>\n\t\t\t\t<div class=\"elementor-column elementor-col-33 elementor-top-column elementor-element elementor-element-2963765\" data-id=\"2963765\" data-element_type=\"column\">\n\t\t\t<div class=\"elementor-widget-wrap elementor-element-populated\">\n\t\t\t\t\t\t\t\t<div class=\"elementor-element elementor-element-9b77fae gillsans-light-webfont elementor-widget__width-initial elementor-widget elementor-widget-heading\" data-id=\"9b77fae\" data-element_type=\"widget\" data-widget_type=\"heading.default\">\n\t\t\t\t<div class=\"elementor-widget-container\">\n\t\t\t<div class=\"elementor-heading-title elementor-size-default\">Balcony suite<\/div>\t\t<\/div>\n\t\t\t\t<\/div>\n\t\t\t\t<div class=\"elementor-element elementor-element-6ed82fb elementor-widget elementor-widget-image\" data-id=\"6ed82fb\" data-element_type=\"widget\" data-widget_type=\"image.default\">\n\t\t\t\t<div class=\"elementor-widget-container\">\n\t\t\t\t\t\t\t\t\t\t\t\t\t\t\t<img decoding=\"async\" src=\"https:\/\/barcelona.intercontinental.com\/wp-content\/uploads\/elementor\/thumbs\/I_julio_suits_balcony11-q37byj7g5idb9jw8n40ln98njc1l7vj552zg99z0v4.jpg\" title=\"I_julio_suits_balcony11.jpg\" alt=\"I_julio_suits_balcony11.jpg\" loading=\"lazy\" \/>\t\t\t\t\t\t\t\t\t\t\t\t\t\t\t<\/div>\n\t\t\t\t<\/div>\n\t\t\t\t<div class=\"elementor-element elementor-element-1c95a5d room-suite-text elementor-widget elementor-widget-text-editor\" data-id=\"1c95a5d\" data-element_type=\"widget\" data-widget_type=\"text-editor.default\">\n\t\t\t\t<div class=\"elementor-widget-container\">\n\t\t\t\t\t\t\t<p style=\"text-align: center;\">La suite amb balc\u00f3 \u00e9s un oasi de pau. Aquesta espaiosa i sofisticada habitaci\u00f3 de 55 m\u00b2 t\u00e9 un balc\u00f3 de 6 m\u00b2 on els clients poden gaudir de les espectaculars vistes de Barcelona.<\/p>\t\t\t\t\t\t<\/div>\n\t\t\t\t<\/div>\n\t\t\t\t<div class=\"elementor-element elementor-element-f886e51 elementor-widget elementor-widget-elementskit-button\" data-id=\"f886e51\" data-element_type=\"widget\" data-widget_type=\"elementskit-button.default\">\n\t\t\t\t<div class=\"elementor-widget-container\">\n\t\t\t<div class=\"ekit-wid-con\" >\t\t<div class=\"ekit-btn-wraper\">\n\t\t\t\t\t\t\t<a href=\"https:\/\/barcelona.intercontinental.com\/ca\/balcony-suite\/\" class=\"elementskit-btn  whitespace--normal\" >\n\t\t\t\t\t\n\t\t\t\t\t\n\t\t\t\t\tLlegir M\u00e9s\t\t\t\t<\/a>\n\t\t\t\t\t\t<\/div>\n        <\/div>\t\t<\/div>\n\t\t\t\t<\/div>\n\t\t\t\t\t<\/div>\n\t\t<\/div>\n\t\t\t\t<div class=\"elementor-column elementor-col-33 elementor-top-column elementor-element elementor-element-29c35dc\" data-id=\"29c35dc\" data-element_type=\"column\">\n\t\t\t<div class=\"elementor-widget-wrap elementor-element-populated\">\n\t\t\t\t\t\t\t\t<div class=\"elementor-element elementor-element-fb3a143 gillsans-light-webfont elementor-widget__width-initial elementor-widget elementor-widget-heading\" data-id=\"fb3a143\" data-element_type=\"widget\" data-widget_type=\"heading.default\">\n\t\t\t\t<div class=\"elementor-widget-container\">\n\t\t\t<div class=\"elementor-heading-title elementor-size-default\">Presidential Suite<\/div>\t\t<\/div>\n\t\t\t\t<\/div>\n\t\t\t\t<div class=\"elementor-element elementor-element-5cdbe51 elementor-widget elementor-widget-image\" data-id=\"5cdbe51\" data-element_type=\"widget\" data-widget_type=\"image.default\">\n\t\t\t\t<div class=\"elementor-widget-container\">\n\t\t\t\t\t\t\t\t\t\t\t\t\t\t\t<img decoding=\"async\" src=\"https:\/\/barcelona.intercontinental.com\/wp-content\/uploads\/elementor\/thumbs\/aMT3O9dw-rhos1fh4yybfre5fcfhhpirqsvjkmxipelt04urajk.jpeg\" title=\"aMT3O9dw.jpeg\" alt=\"aMT3O9dw.jpeg\" loading=\"lazy\" \/>\t\t\t\t\t\t\t\t\t\t\t\t\t\t\t<\/div>\n\t\t\t\t<\/div>\n\t\t\t\t<div class=\"elementor-element elementor-element-9e8ed07 room-suite-text elementor-widget elementor-widget-text-editor\" data-id=\"9e8ed07\" data-element_type=\"widget\" data-widget_type=\"text-editor.default\">\n\t\t\t\t<div class=\"elementor-widget-container\">\n\t\t\t\t\t\t\t<p style=\"text-align: center;\">La Suite Presidencial \u00e9s l&#8217;habitaci\u00f3 m\u00e9s espaiosa disponible a InterContinental\u00ae Barcelona. Aquest impecable i elegant espai consta d\u00b4un sal\u00f3-menjador amb un espai de cuina integrat i dos dormitoris.<\/p>\t\t\t\t\t\t<\/div>\n\t\t\t\t<\/div>\n\t\t\t\t<div class=\"elementor-element elementor-element-0cc6e19 elementor-widget elementor-widget-elementskit-button\" data-id=\"0cc6e19\" data-element_type=\"widget\" data-widget_type=\"elementskit-button.default\">\n\t\t\t\t<div class=\"elementor-widget-container\">\n\t\t\t<div class=\"ekit-wid-con\" >\t\t<div class=\"ekit-btn-wraper\">\n\t\t\t\t\t\t\t<a href=\"https:\/\/barcelona.intercontinental.com\/ca\/presidential-suite\/\" class=\"elementskit-btn  whitespace--normal\" >\n\t\t\t\t\t\n\t\t\t\t\t\n\t\t\t\t\tLlegir M\u00e9s\t\t\t\t<\/a>\n\t\t\t\t\t\t<\/div>\n        <\/div>\t\t<\/div>\n\t\t\t\t<\/div>\n\t\t\t\t\t<\/div>\n\t\t<\/div>\n\t\t\t\t\t\t\t<\/div>\n\t\t<\/section>\n\t\t\t\t<section class=\"elementor-section elementor-top-section elementor-element elementor-element-cf1820d elementor-section-stretched elementor-section-boxed elementor-section-height-default elementor-section-height-default\" data-id=\"cf1820d\" data-element_type=\"section\" data-settings=\"{&quot;stretch_section&quot;:&quot;section-stretched&quot;}\">\n\t\t\t\t\t\t<div class=\"elementor-container elementor-column-gap-default\">\n\t\t\t\t\t<div class=\"elementor-column elementor-col-33 elementor-top-column elementor-element elementor-element-181247d\" data-id=\"181247d\" data-element_type=\"column\">\n\t\t\t<div class=\"elementor-widget-wrap elementor-element-populated\">\n\t\t\t\t\t\t\t\t<div class=\"elementor-element elementor-element-3d6809b gillsans-light-webfont elementor-widget__width-initial elementor-widget elementor-widget-heading\" data-id=\"3d6809b\" data-element_type=\"widget\" data-widget_type=\"heading.default\">\n\t\t\t\t<div class=\"elementor-widget-container\">\n\t\t\t<div class=\"elementor-heading-title elementor-size-default\">Habitaci\u00f3 Classic<\/div>\t\t<\/div>\n\t\t\t\t<\/div>\n\t\t\t\t<div class=\"elementor-element elementor-element-52eb7ce elementor-widget elementor-widget-image\" data-id=\"52eb7ce\" data-element_type=\"widget\" data-widget_type=\"image.default\">\n\t\t\t\t<div class=\"elementor-widget-container\">\n\t\t\t\t\t\t\t\t\t\t\t\t\t\t\t<img decoding=\"async\" src=\"https:\/\/barcelona.intercontinental.com\/wp-content\/uploads\/elementor\/thumbs\/Caja_Rooms_1024x720px-rhoq8guon5e1dkieoclpdwwwu7qcnzmj52oy4f2skg.jpg\" title=\"Caja_Rooms_1024x720px.jpg\" alt=\"Caja_Rooms_1024x720px.jpg\" loading=\"lazy\" \/>\t\t\t\t\t\t\t\t\t\t\t\t\t\t\t<\/div>\n\t\t\t\t<\/div>\n\t\t\t\t<div class=\"elementor-element elementor-element-341efab room-suite-text elementor-widget elementor-widget-text-editor\" data-id=\"341efab\" data-element_type=\"widget\" data-widget_type=\"text-editor.default\">\n\t\t\t\t<div class=\"elementor-widget-container\">\n\t\t\t\t\t\t\t<p style=\"text-align: center;\">Les habitacions Classic ofereixen un allotjament confortable amb interiors excepcionals, tecnologia intel\u00b7ligent i luxe contemporani. S\u00f3n el lloc ideal tant per concentrar-se com per descansar. Aquestes habitacions estan situades a totes les plantes i estan equipades amb un gran llit de matrimoni o dos llits dobles.<\/p>\t\t\t\t\t\t<\/div>\n\t\t\t\t<\/div>\n\t\t\t\t<div class=\"elementor-element elementor-element-a30b798 elementor-widget elementor-widget-elementskit-button\" data-id=\"a30b798\" data-element_type=\"widget\" data-widget_type=\"elementskit-button.default\">\n\t\t\t\t<div class=\"elementor-widget-container\">\n\t\t\t<div class=\"ekit-wid-con\" >\t\t<div class=\"ekit-btn-wraper\">\n\t\t\t\t\t\t\t<a href=\"https:\/\/barcelona.intercontinental.com\/en\/classic-rooms\/\" class=\"elementskit-btn  whitespace--normal\" >\n\t\t\t\t\t\n\t\t\t\t\t\n\t\t\t\t\tRead More\t\t\t\t<\/a>\n\t\t\t\t\t\t<\/div>\n        <\/div>\t\t<\/div>\n\t\t\t\t<\/div>\n\t\t\t\t\t<\/div>\n\t\t<\/div>\n\t\t\t\t<div class=\"elementor-column elementor-col-33 elementor-top-column elementor-element elementor-element-d74a748\" data-id=\"d74a748\" data-element_type=\"column\">\n\t\t\t<div class=\"elementor-widget-wrap elementor-element-populated\">\n\t\t\t\t\t\t\t\t<div class=\"elementor-element elementor-element-2f020eb gillsans-light-webfont elementor-widget__width-initial elementor-widget elementor-widget-heading\" data-id=\"2f020eb\" data-element_type=\"widget\" data-widget_type=\"heading.default\">\n\t\t\t\t<div class=\"elementor-widget-container\">\n\t\t\t<div class=\"elementor-heading-title elementor-size-default\">Habitaci\u00f3 PREMIUM<\/div>\t\t<\/div>\n\t\t\t\t<\/div>\n\t\t\t\t<div class=\"elementor-element elementor-element-fbe4c40 elementor-widget elementor-widget-image\" data-id=\"fbe4c40\" data-element_type=\"widget\" data-widget_type=\"image.default\">\n\t\t\t\t<div class=\"elementor-widget-container\">\n\t\t\t\t\t\t\t\t\t\t\t\t\t\t\t<img decoding=\"async\" src=\"https:\/\/barcelona.intercontinental.com\/wp-content\/uploads\/elementor\/thumbs\/Vistas-2-r841ej2bfw7j1x8ooka8o4ok0xl9nddi4kcpty7uhs.jpg\" title=\"Vistas-2.jpg\" alt=\"Vistas-2.jpg\" loading=\"lazy\" \/>\t\t\t\t\t\t\t\t\t\t\t\t\t\t\t<\/div>\n\t\t\t\t<\/div>\n\t\t\t\t<div class=\"elementor-element elementor-element-bf683cd room-suite-text elementor-widget elementor-widget-text-editor\" data-id=\"bf683cd\" data-element_type=\"widget\" data-widget_type=\"text-editor.default\">\n\t\t\t\t<div class=\"elementor-widget-container\">\n\t\t\t\t\t\t\t<p style=\"text-align: center;\">L&#8217; habitaci\u00f3 Premium \u00e9s un espai per gaudir de la veritable ess\u00e8ncia del comfort. Aquestes suites de 42 m\u00b2 ofereixen impressionants vistes de la ciutat o serens paisatges ajardinats, perfectes per relaxar-se.<\/p><div style=\"text-align: center;\">\u00a0<\/div>\t\t\t\t\t\t<\/div>\n\t\t\t\t<\/div>\n\t\t\t\t<div class=\"elementor-element elementor-element-f19d6d6 elementor-widget elementor-widget-elementskit-button\" data-id=\"f19d6d6\" data-element_type=\"widget\" data-widget_type=\"elementskit-button.default\">\n\t\t\t\t<div class=\"elementor-widget-container\">\n\t\t\t<div class=\"ekit-wid-con\" >\t\t<div class=\"ekit-btn-wraper\">\n\t\t\t\t\t\t\t<a href=\"https:\/\/barcelona.intercontinental.com\/ca\/?post_type=event_space&#038;p=1368\" class=\"elementskit-btn  whitespace--normal\" >\n\t\t\t\t\t\n\t\t\t\t\t\n\t\t\t\t\tRead More\t\t\t\t<\/a>\n\t\t\t\t\t\t<\/div>\n        <\/div>\t\t<\/div>\n\t\t\t\t<\/div>\n\t\t\t\t\t<\/div>\n\t\t<\/div>\n\t\t\t\t<div class=\"elementor-column elementor-col-33 elementor-top-column elementor-element elementor-element-65b5ce5\" data-id=\"65b5ce5\" data-element_type=\"column\">\n\t\t\t<div class=\"elementor-widget-wrap elementor-element-populated\">\n\t\t\t\t\t\t\t\t<div class=\"elementor-element elementor-element-61ba53e gillsans-light-webfont elementor-widget__width-initial elementor-widget elementor-widget-heading\" data-id=\"61ba53e\" data-element_type=\"widget\" data-widget_type=\"heading.default\">\n\t\t\t\t<div class=\"elementor-widget-container\">\n\t\t\t<div class=\"elementor-heading-title elementor-size-default\">Habitaci\u00f3 AMB CLUB ACCESS<\/div>\t\t<\/div>\n\t\t\t\t<\/div>\n\t\t\t\t<div class=\"elementor-element elementor-element-90e9bf2 elementor-widget elementor-widget-image\" data-id=\"90e9bf2\" data-element_type=\"widget\" data-widget_type=\"image.default\">\n\t\t\t\t<div class=\"elementor-widget-container\">\n\t\t\t\t\t\t\t\t\t\t\t\t\t\t\t<img decoding=\"async\" src=\"https:\/\/barcelona.intercontinental.com\/wp-content\/uploads\/elementor\/thumbs\/Double-room-r841ej2bfw7j1x8ooka8o4ok0xl9nddi4kcpty7uhs.jpg\" title=\"Double-room.jpg\" alt=\"Double-room.jpg\" loading=\"lazy\" \/>\t\t\t\t\t\t\t\t\t\t\t\t\t\t\t<\/div>\n\t\t\t\t<\/div>\n\t\t\t\t<div class=\"elementor-element elementor-element-efc7aa3 room-suite-text elementor-widget elementor-widget-text-editor\" data-id=\"efc7aa3\" data-element_type=\"widget\" data-widget_type=\"text-editor.default\">\n\t\t\t\t<div class=\"elementor-widget-container\">\n\t\t\t\t\t\t\t<p style=\"text-align: center;\">Las habitacions amb acc\u00e9s al Club ofereixen un allotjament comfortable, interiors sorprenents, tecnologia intel\u00b7ligent i luxe contemporani. Tots els hostes que s&#8217;hi allotgen estan convidats a accedir al Club InterContinental Lounge.<\/p>\t\t\t\t\t\t<\/div>\n\t\t\t\t<\/div>\n\t\t\t\t<div class=\"elementor-element elementor-element-fc11af0 elementor-widget elementor-widget-elementskit-button\" data-id=\"fc11af0\" data-element_type=\"widget\" data-widget_type=\"elementskit-button.default\">\n\t\t\t\t<div class=\"elementor-widget-container\">\n\t\t\t<div class=\"ekit-wid-con\" >\t\t<div class=\"ekit-btn-wraper\">\n\t\t\t\t\t\t\t<a href=\"https:\/\/barcelona.intercontinental.com\/en\/room-with-club-access\/\" class=\"elementskit-btn  whitespace--normal\" >\n\t\t\t\t\t\n\t\t\t\t\t\n\t\t\t\t\tRead More\t\t\t\t<\/a>\n\t\t\t\t\t\t<\/div>\n        <\/div>\t\t<\/div>\n\t\t\t\t<\/div>\n\t\t\t\t\t<\/div>\n\t\t<\/div>\n\t\t\t\t\t\t\t<\/div>\n\t\t<\/section>\n\t\t\t\t\t\t\t<\/div>\n\t\t","protected":false},"excerpt":{"rendered":"<p>HABITACIONS I SUITES Cada detall \u00e9s una decisi\u00f3 presa a consci\u00e8ncia per fer que sentiu el luxe en el seu estat m\u00e9s pur. A InterContinental\u00ae Barcelona, sabem que el luxe pot adoptar formes infinites. Us ajudem a triar el confort que millor se us adapti. Executive Suite La Suite Executive \u00e9s una habitaci\u00f3 elegant i &#8230; <a title=\"HABITACIONS I SUITES\" class=\"read-more\" href=\"https:\/\/barcelona.intercontinental.com\/ca\/rooms-suites\/\" aria-label=\"M\u00e9s sobre HABITACIONS I SUITES\">Llegiu m\u00e9s<\/a><\/p>\n","protected":false},"author":1,"featured_media":0,"parent":0,"menu_order":0,"comment_status":"closed","ping_status":"closed","template":"elementor_header_footer","meta":{"footnotes":""},"acf":[],"_links":{"self":[{"href":"https:\/\/barcelona.intercontinental.com\/ca\/wp-json\/wp\/v2\/pages\/3676"}],"collection":[{"href":"https:\/\/barcelona.intercontinental.com\/ca\/wp-json\/wp\/v2\/pages"}],"about":[{"href":"https:\/\/barcelona.intercontinental.com\/ca\/wp-json\/wp\/v2\/types\/page"}],"author":[{"embeddable":true,"href":"https:\/\/barcelona.intercontinental.com\/ca\/wp-json\/wp\/v2\/users\/1"}],"replies":[{"embeddable":true,"href":"https:\/\/barcelona.intercontinental.com\/ca\/wp-json\/wp\/v2\/comments?post=3676"}],"version-history":[{"count":22,"href":"https:\/\/barcelona.intercontinental.com\/ca\/wp-json\/wp\/v2\/pages\/3676\/revisions"}],"predecessor-version":[{"id":14920,"href":"https:\/\/barcelona.intercontinental.com\/ca\/wp-json\/wp\/v2\/pages\/3676\/revisions\/14920"}],"wp:attachment":[{"href":"https:\/\/barcelona.intercontinental.com\/ca\/wp-json\/wp\/v2\/media?parent=3676"}],"curies":[{"name":"wp","href":"https:\/\/api.w.org\/{rel}","templated":true}]}}