{"id":3664,"date":"2021-05-17T15:14:02","date_gmt":"2021-05-17T15:14:02","guid":{"rendered":"https:\/\/barcelona.intercontinental.com\/hotel-concierge\/"},"modified":"2021-12-22T10:12:08","modified_gmt":"2021-12-22T10:12:08","slug":"hotel-concierge","status":"publish","type":"page","link":"https:\/\/barcelona.intercontinental.com\/ca\/hotel-concierge\/","title":{"rendered":"Consergeria"},"content":{"rendered":"\t\t<div data-elementor-type=\"wp-page\" data-elementor-id=\"3664\" class=\"elementor elementor-3664 elementor-492\" data-elementor-post-type=\"page\">\n\t\t\t\t\t\t\t\t\t<section class=\"elementor-section elementor-top-section elementor-element elementor-element-22a26481 elementor-section-stretched parallax parallax-room elementor-section-boxed elementor-section-height-default elementor-section-height-default\" data-id=\"22a26481\" data-element_type=\"section\" data-settings=\"{&quot;stretch_section&quot;:&quot;section-stretched&quot;,&quot;background_background&quot;:&quot;classic&quot;}\">\n\t\t\t\t\t\t<div class=\"elementor-container elementor-column-gap-default\">\n\t\t\t\t\t<div class=\"elementor-column elementor-col-100 elementor-top-column elementor-element elementor-element-49d3926d\" data-id=\"49d3926d\" data-element_type=\"column\">\n\t\t\t<div class=\"elementor-widget-wrap\">\n\t\t\t\t\t\t\t\t\t<\/div>\n\t\t<\/div>\n\t\t\t\t\t\t\t<\/div>\n\t\t<\/section>\n\t\t\t\t<section class=\"elementor-section elementor-top-section elementor-element elementor-element-372ce6a5 elementor-section-stretched elementor-section-boxed elementor-section-height-default elementor-section-height-default\" data-id=\"372ce6a5\" data-element_type=\"section\" data-settings=\"{&quot;stretch_section&quot;:&quot;section-stretched&quot;}\">\n\t\t\t\t\t\t<div class=\"elementor-container elementor-column-gap-default\">\n\t\t\t\t\t<div class=\"elementor-column elementor-col-100 elementor-top-column elementor-element elementor-element-26fb1571\" data-id=\"26fb1571\" data-element_type=\"column\">\n\t\t\t<div class=\"elementor-widget-wrap elementor-element-populated\">\n\t\t\t\t\t\t\t\t<div class=\"elementor-element elementor-element-1b323289 elementor-widget elementor-widget-heading\" data-id=\"1b323289\" data-element_type=\"widget\" data-widget_type=\"heading.default\">\n\t\t\t\t<div class=\"elementor-widget-container\">\n\t\t\t<h2 class=\"elementor-heading-title elementor-size-xl\">CONSERGERIA<\/h2>\t\t<\/div>\n\t\t\t\t<\/div>\n\t\t\t\t<div class=\"elementor-element elementor-element-3ab88151 gillsans-italic-webfont elementor-widget elementor-widget-text-editor\" data-id=\"3ab88151\" data-element_type=\"widget\" data-widget_type=\"text-editor.default\">\n\t\t\t\t<div class=\"elementor-widget-container\">\n\t\t\t\t\t\t\t<p style=\"text-align: center; margin-bottom: 0px;\">Permeteu-nos ajudar-vos a descobrir Barcelona<\/p>\t\t\t\t\t\t<\/div>\n\t\t\t\t<\/div>\n\t\t\t\t<div class=\"elementor-element elementor-element-54a0bb72 separator elementor-widget-divider--view-line elementor-widget elementor-widget-divider\" data-id=\"54a0bb72\" data-element_type=\"widget\" data-widget_type=\"divider.default\">\n\t\t\t\t<div class=\"elementor-widget-container\">\n\t\t\t\t\t<div class=\"elementor-divider\">\n\t\t\t<span class=\"elementor-divider-separator\">\n\t\t\t\t\t\t<\/span>\n\t\t<\/div>\n\t\t\t\t<\/div>\n\t\t\t\t<\/div>\n\t\t\t\t\t<\/div>\n\t\t<\/div>\n\t\t\t\t\t\t\t<\/div>\n\t\t<\/section>\n\t\t\t\t<section class=\"elementor-section elementor-top-section elementor-element elementor-element-1ae8b7cb elementor-section-stretched elementor-section-boxed elementor-section-height-default elementor-section-height-default\" data-id=\"1ae8b7cb\" data-element_type=\"section\" data-settings=\"{&quot;stretch_section&quot;:&quot;section-stretched&quot;}\">\n\t\t\t\t\t\t<div class=\"elementor-container elementor-column-gap-default\">\n\t\t\t\t\t<div class=\"elementor-column elementor-col-100 elementor-top-column elementor-element elementor-element-18226f8e\" data-id=\"18226f8e\" data-element_type=\"column\">\n\t\t\t<div class=\"elementor-widget-wrap elementor-element-populated\">\n\t\t\t\t\t\t\t\t<div class=\"elementor-element elementor-element-3069652d elementor-widget elementor-widget-text-editor\" data-id=\"3069652d\" data-element_type=\"widget\" data-widget_type=\"text-editor.default\">\n\t\t\t\t<div class=\"elementor-widget-container\">\n\t\t\t\t\t\t\t<p style=\"text-align: center;\">La llunyana brisa marina. La llum de la Mediterr\u00e0nia. L&#8217;aroma d&#8217;un plat t\u00edpic encara per descobrir. Barcelona \u00e9s una ciutat en la qual la gastronomia i l&#8217;entreteniment s\u00f3n una part vital de la cultura, on la hist\u00f2ria es veu, se sent i es viu. Llar d&#8217;alguns dels artistes m\u00e9s influents de tots els temps, aquesta innovadora metr\u00f2polis mostra amb naturalitat l&#8217;equilibri entre el modern i el cl\u00e0ssic. Des dels aclamats edificis de Gaud\u00ed fins a les exposicions contempor\u00e0nies del Museu Nacional d&#8217;Art de Catalunya, MNAC, passegeu pels carrers de la nostra hist\u00f2rica i cosmopolita ciutat. Permeteu-nos connectar-vos amb la Barcelona que tant ens estimem perqu\u00e8 l&#8217;experimenteu com mai.\u00a0<\/p><p style=\"text-align: center;\">Tant si sou a Barcelona per negocis com per plaer, el nostre equip de consergeria estar\u00e0 encantat d&#8217;atendre-us perqu\u00e8 gaudiu d&#8217;una estada memorable i a l&#8217;altura de les vostres expectatives m\u00e9s altes.<\/p><p style=\"text-align: center;\"><strong><a href=\"mailto:concierge@icbarcelona.com\">concierge@icbarcelona.com<\/a><br \/><span style=\"color: #000000;\"><a style=\"color: #000000;\" href=\"tel:34934262223\">+34 934262223<\/a><\/span><br \/><\/strong><\/p><p style=\"text-align: center;\"><a href=\"https:\/\/barcelona.intercontinental.com\/ru\/contact-concierge\/\">Contacteu amb nosaltres<\/a><\/p>\t\t\t\t\t\t<\/div>\n\t\t\t\t<\/div>\n\t\t\t\t\t<\/div>\n\t\t<\/div>\n\t\t\t\t\t\t\t<\/div>\n\t\t<\/section>\n\t\t\t\t\t\t\t<\/div>\n\t\t","protected":false},"excerpt":{"rendered":"<p>CONSERGERIA Permeteu-nos ajudar-vos a descobrir Barcelona La llunyana brisa marina. La llum de la Mediterr\u00e0nia. L&#8217;aroma d&#8217;un plat t\u00edpic encara per descobrir. Barcelona \u00e9s una ciutat en la qual la gastronomia i l&#8217;entreteniment s\u00f3n una part vital de la cultura, on la hist\u00f2ria es veu, se sent i es viu. Llar d&#8217;alguns dels artistes m\u00e9s &#8230; <a title=\"Consergeria\" class=\"read-more\" href=\"https:\/\/barcelona.intercontinental.com\/ca\/hotel-concierge\/\" aria-label=\"M\u00e9s sobre Consergeria\">Llegiu m\u00e9s<\/a><\/p>\n","protected":false},"author":1,"featured_media":0,"parent":0,"menu_order":0,"comment_status":"closed","ping_status":"closed","template":"","meta":{"footnotes":""},"acf":[],"_links":{"self":[{"href":"https:\/\/barcelona.intercontinental.com\/ca\/wp-json\/wp\/v2\/pages\/3664"}],"collection":[{"href":"https:\/\/barcelona.intercontinental.com\/ca\/wp-json\/wp\/v2\/pages"}],"about":[{"href":"https:\/\/barcelona.intercontinental.com\/ca\/wp-json\/wp\/v2\/types\/page"}],"author":[{"embeddable":true,"href":"https:\/\/barcelona.intercontinental.com\/ca\/wp-json\/wp\/v2\/users\/1"}],"replies":[{"embeddable":true,"href":"https:\/\/barcelona.intercontinental.com\/ca\/wp-json\/wp\/v2\/comments?post=3664"}],"version-history":[{"count":13,"href":"https:\/\/barcelona.intercontinental.com\/ca\/wp-json\/wp\/v2\/pages\/3664\/revisions"}],"predecessor-version":[{"id":5709,"href":"https:\/\/barcelona.intercontinental.com\/ca\/wp-json\/wp\/v2\/pages\/3664\/revisions\/5709"}],"wp:attachment":[{"href":"https:\/\/barcelona.intercontinental.com\/ca\/wp-json\/wp\/v2\/media?parent=3664"}],"curies":[{"name":"wp","href":"https:\/\/api.w.org\/{rel}","templated":true}]}}