{"id":13709,"date":"2025-02-05T09:34:36","date_gmt":"2025-02-05T09:34:36","guid":{"rendered":"https:\/\/barcelona.intercontinental.com\/?page_id=13709"},"modified":"2026-04-20T13:35:40","modified_gmt":"2026-04-20T13:35:40","slug":"brunch","status":"publish","type":"page","link":"https:\/\/barcelona.intercontinental.com\/ca\/brunch\/","title":{"rendered":"Brunch CA"},"content":{"rendered":"\t\t<div data-elementor-type=\"wp-page\" data-elementor-id=\"13709\" class=\"elementor elementor-13709\" data-elementor-post-type=\"page\">\n\t\t\t\t\t\t\t\t\t<section class=\"elementor-section elementor-top-section elementor-element elementor-element-8ebfb24 elementor-section-stretched elementor-section-boxed elementor-section-height-default elementor-section-height-default\" data-id=\"8ebfb24\" data-element_type=\"section\" data-settings=\"{&quot;stretch_section&quot;:&quot;section-stretched&quot;}\">\n\t\t\t\t\t\t<div class=\"elementor-container elementor-column-gap-default\">\n\t\t\t\t\t<div class=\"elementor-column elementor-col-100 elementor-top-column elementor-element elementor-element-18a82e9\" data-id=\"18a82e9\" data-element_type=\"column\">\n\t\t\t<div class=\"elementor-widget-wrap elementor-element-populated\">\n\t\t\t\t\t\t\t\t<div class=\"elementor-element elementor-element-e383106 elementor-widget elementor-widget-slider_revolution\" data-id=\"e383106\" data-element_type=\"widget\" data-widget_type=\"slider_revolution.default\">\n\t\t\t\t<div class=\"elementor-widget-container\">\n\t\t\t\n\t\t<div class=\"wp-block-themepunch-revslider\">\n\t\t\t\t<p class=\"rs-p-wp-fix\"><\/p>\n\t\t\t\t<sr7-module data-alias=\"header-Brunch-cat\" data-id=\"43\" id=\"SR7_43_1\" class=\"rs-ov-hidden\" data-version=\"6.7.12\">\n\t\t\t\t\t<sr7-adjuster><\/sr7-adjuster>\n\t\t\t\t\t<sr7-content>\n\t\t\t\t\t\t<sr7-slide id=\"SR7_43_1-93\" data-key=\"93\">\n\t\t\t\t\t\t\t<sr7-txt id=\"SR7_43_1-93-2\" class=\"sr7-layer\">El Brunch m\u00e9s exclusiu de Barcelona<\/sr7-txt>\n\t\t\t\t\t\t\t<sr7-txt id=\"SR7_43_1-93-7\" class=\"sr7-layer\">BRUNCH<\/sr7-txt>\n\t\t\t\t\t\t\t<sr7-txt id=\"SR7_43_1-93-9\" class=\"sr7-layer\">CAT <i class=\"fa-sort-down\"><\/i><\/sr7-txt>\n\t\t\t\t\t\t\t<a id=\"SR7_43_1-93-11\" class=\"sr7-layer\" href=\"https:\/\/barcelona.intercontinental.com\/en\/brunch\/\" target=\"_self\">EN<\/a>\n\t\t\t\t\t\t\t<a id=\"SR7_43_1-93-12\" class=\"sr7-layer\" href=\"https:\/\/barcelona.intercontinental.com\/es\/brunch\/\" target=\"_self\">ES<\/a>\n\t\t\t\t\t\t\t<a id=\"SR7_43_1-93-13\" class=\"sr7-layer\" href=\"https:\/\/barcelona.intercontinental.com\/ca\/\" target=\"_self\">Web Intercontinental Barcelona<\/a>\n\t\t\t\t\t\t<\/sr7-slide>\n\t\t\t\t\t\t<sr7-slide id=\"SR7_43_1-94\" data-key=\"94\">\n\t\t\t\t\t\t<\/sr7-slide>\n\t\t\t\t\t<\/sr7-content>\n\t\t\t\t\t<image_lists style=\"display:none\">\n\t\t\t\t\t\t<img data-src=\"\/\/barcelona.intercontinental.com\/wp-content\/uploads\/2025\/03\/LogoArrel-1.png\" data-libid=\"14155\" data-lib=\"medialibrary\" title=\"LogoArrel (1)\" width=\"0\" height=\"0\" data-dbsrc=\"Ly9iYXJjZWxvbmEuaW50ZXJjb250aW5lbnRhbC5jb20vd3AtY29udGVudC91cGxvYWRzLzIwMjUvMDMvTG9nb0FycmVsLTEucG5n\"\/>\n\t\t\t\t\t\t<img data-src=\"\/\/barcelona.intercontinental.com\/wp-content\/uploads\/2025\/02\/Buffet-3.jpg\" data-libid=\"13718\" data-lib=\"medialibrary\" title=\"Buffet 3\" width=\"0\" height=\"0\" data-dbsrc=\"Ly9iYXJjZWxvbmEuaW50ZXJjb250aW5lbnRhbC5jb20vd3AtY29udGVudC91cGxvYWRzLzIwMjUvMDIvQnVmZmV0LTMuanBn\"\/>\n\t\t\t\t\t<\/image_lists>\n\t\t\t\t<\/sr7-module>\n\t\t\t\t<script>\n\t\t\t\t\tSR7.PMH ??={}; SR7.PMH[\"SR7_43_1\"] = {cn:0,state:false,fn: function() { if (_tpt!==undefined && _tpt.prepareModuleHeight !== undefined) {  _tpt.prepareModuleHeight({id:\"SR7_43_1\",el:[900,900,768,960,720],type:'standard',shdw:'0',gh:[900,900,768,960,720],gw:[1240,1240,1024,778,480],vpt:['100px&#039;,&#039;100px&#039;,&#039;100px&#039;,&#039;100px&#039;,&#039;100px'],size:{fullWidth:true, fullHeight:false},mh:'0',onh:0,onw:0,bg:{color:'{\"orig\":\"transparent\",\"type\":\"solid\",\"string\":\"transparent\"}'}});   SR7.PMH[\"SR7_43_1\"].state=true;} else if((SR7.PMH[\"SR7_43_1\"].cn++)<100)\tsetTimeout( SR7.PMH[\"SR7_43_1\"].fn,19);}};SR7.PMH[\"SR7_43_1\" ].fn();\n\t\t\t\t<\/script>\n<\/div>\n\n\t\t\t\t<\/div>\n\t\t\t\t<\/div>\n\t\t\t\t\t<\/div>\n\t\t<\/div>\n\t\t\t\t\t\t\t<\/div>\n\t\t<\/section>\n\t\t\t\t<section class=\"elementor-section elementor-top-section elementor-element elementor-element-9119995 elementor-section-boxed elementor-section-height-default elementor-section-height-default\" data-id=\"9119995\" data-element_type=\"section\">\n\t\t\t\t\t\t<div class=\"elementor-container elementor-column-gap-default\">\n\t\t\t\t\t<div class=\"elementor-column elementor-col-100 elementor-top-column elementor-element elementor-element-79f93b9\" data-id=\"79f93b9\" data-element_type=\"column\">\n\t\t\t<div class=\"elementor-widget-wrap elementor-element-populated\">\n\t\t\t\t\t\t\t\t<div class=\"elementor-element elementor-element-403e7f5 elementor-widget__width-initial elementor-widget elementor-widget-text-editor\" data-id=\"403e7f5\" data-element_type=\"widget\" data-widget_type=\"text-editor.default\">\n\t\t\t\t<div class=\"elementor-widget-container\">\n\t\t\t\t\t\t\t<p>Gaudeix del millor Brunch de diumenge a Barcelona i endinsa&#8217;t en una experi\u00e8ncia gastron\u00f2mica \u00fanica. Assaboreix una gran varietat de plats mentre gaudeixes de la m\u00fasica en directe. Podr\u00e0s delectar-te amb pernil ib\u00e8ric i risotto mantegat en roda de parmes\u00e0. Tot en el nostre Brunch de diumenge del restaurant Arrel.<\/p>\t\t\t\t\t\t<\/div>\n\t\t\t\t<\/div>\n\t\t\t\t\t<\/div>\n\t\t<\/div>\n\t\t\t\t\t\t\t<\/div>\n\t\t<\/section>\n\t\t\t\t<section class=\"elementor-section elementor-top-section elementor-element elementor-element-00ced38 elementor-section-full_width elementor-section-height-default elementor-section-height-default\" data-id=\"00ced38\" data-element_type=\"section\">\n\t\t\t\t\t\t<div class=\"elementor-container elementor-column-gap-default\">\n\t\t\t\t\t<div class=\"elementor-column elementor-col-50 elementor-top-column elementor-element elementor-element-4f9e2b8c\" data-id=\"4f9e2b8c\" data-element_type=\"column\" data-settings=\"{&quot;background_background&quot;:&quot;slideshow&quot;,&quot;background_slideshow_gallery&quot;:[{&quot;id&quot;:13857,&quot;url&quot;:&quot;https:\\\/\\\/barcelona.intercontinental.com\\\/wp-content\\\/uploads\\\/2025\\\/02\\\/intercontinental-brunch-4.jpg&quot;},{&quot;id&quot;:13900,&quot;url&quot;:&quot;https:\\\/\\\/barcelona.intercontinental.com\\\/wp-content\\\/uploads\\\/2025\\\/02\\\/intercontinental-brunch-5.jpg&quot;}],&quot;background_slideshow_loop&quot;:&quot;yes&quot;,&quot;background_slideshow_slide_duration&quot;:5000,&quot;background_slideshow_slide_transition&quot;:&quot;fade&quot;,&quot;background_slideshow_transition_duration&quot;:500}\">\n\t\t\t<div class=\"elementor-widget-wrap elementor-element-populated\">\n\t\t\t\t\t\t\t\t<div class=\"elementor-element elementor-element-be7f035 elementor-widget elementor-widget-spacer\" data-id=\"be7f035\" data-element_type=\"widget\" data-widget_type=\"spacer.default\">\n\t\t\t\t<div class=\"elementor-widget-container\">\n\t\t\t\t\t<div class=\"elementor-spacer\">\n\t\t\t<div class=\"elementor-spacer-inner\"><\/div>\n\t\t<\/div>\n\t\t\t\t<\/div>\n\t\t\t\t<\/div>\n\t\t\t\t\t<\/div>\n\t\t<\/div>\n\t\t\t\t<div class=\"elementor-column elementor-col-50 elementor-top-column elementor-element elementor-element-2d98e24b elementor-invisible\" data-id=\"2d98e24b\" data-element_type=\"column\" data-settings=\"{&quot;animation&quot;:&quot;fadeInUp&quot;}\">\n\t\t\t<div class=\"elementor-widget-wrap elementor-element-populated\">\n\t\t\t\t\t\t\t\t<div class=\"elementor-element elementor-element-64eaa53f elementor-widget elementor-widget-heading\" data-id=\"64eaa53f\" data-element_type=\"widget\" data-widget_type=\"heading.default\">\n\t\t\t\t<div class=\"elementor-widget-container\">\n\t\t\t<h2 class=\"elementor-heading-title elementor-size-default\">El Brunch m\u00e9s exclusiu de Barcelona<\/h2>\t\t<\/div>\n\t\t\t\t<\/div>\n\t\t\t\t<div class=\"elementor-element elementor-element-50aee5fa elementor-widget elementor-widget-text-editor\" data-id=\"50aee5fa\" data-element_type=\"widget\" data-widget_type=\"text-editor.default\">\n\t\t\t\t<div class=\"elementor-widget-container\">\n\t\t\t\t\t\t\t<p>Vine i descobreix una nova experi\u00e8ncia gastron\u00f2mica \u00fanica en el nostre Brunch de diumenge. Cada plat ser\u00e0 un viatge culinari del qual\u00a0 gaudir mentre escoltes m\u00fasica en directe i presencies un incre\u00efble showcooking. Assaboreix productes locals i de temporada en un gran bufet que et deixar\u00e0 meravellat i amb ganes de repetir aquesta experi\u00e8ncia. Submergeix-te en el plaer d&#8217;assaborir la frescor i creativitat en cada mos, tot aix\u00f2 acompanyat d&#8217;un ambient que captivar\u00e0 els teus sentits. T&#8217;esperem en el millor Brunch de diumenge en el nostre restaurant Arrel.<\/p>\t\t\t\t\t\t<\/div>\n\t\t\t\t<\/div>\n\t\t\t\t<div class=\"elementor-element elementor-element-2cbfd67 elementor-widget elementor-widget-text-editor\" data-id=\"2cbfd67\" data-element_type=\"widget\" data-widget_type=\"text-editor.default\">\n\t\t\t\t<div class=\"elementor-widget-container\">\n\t\t\t\t\t\t\t<p data-start=\"383\" data-end=\"523\">Ja estem acceptant reserves per a les nostres properes dates:<\/p>\n<p data-start=\"383\" data-end=\"523\">3 de maig \u2013 <a href=\"https:\/\/www.covermanager.com\/reservation\/module_restaurant\/restaurante-arrel\/spanish?day=2026-05-03&amp;timefix=13:30-13:45-14:00-14:15-14:30-14:45-15:00\">Reserva aqu\u00ed<\/a><\/p>\n<p data-start=\"383\" data-end=\"523\">17 de maig \u2013 <a href=\"https:\/\/www.covermanager.com\/reservation\/module_restaurant\/restaurante-arrel\/spanish?day=2026-05-17&amp;timefix=13:30-13:45-14:00-14:15-14:30-14:45-15:00\">Reserva aqu\u00ed<\/a><\/p>\n<p data-start=\"383\" data-end=\"523\">7 de juny \u2013 <a href=\"https:\/\/www.covermanager.com\/reservation\/module_restaurant\/restaurante-arrel\/spanish?day=2026-06-07&amp;timefix=13:30-13:45-14:00-14:15-14:30-14:45-15:00\">Reserva aqu\u00ed<\/a><\/p>\n<p data-start=\"383\" data-end=\"523\">21 de juny \u2013 <a href=\"https:\/\/www.covermanager.com\/reservation\/module_restaurant\/restaurante-arrel\/spanish?day=2026-06-21&amp;timefix=13:30-13:45-14:00-14:15-14:30-14:45-15:00\">Reserva aqu\u00ed<\/a><\/p>\n<p data-start=\"525\" data-end=\"552\"><a href=\"https:\/\/intercontinentalbarcelona.hoteltreats.com\/es\/espana\/cataluna\/barcelona\/intercontinental-barcelona\/brunch-de-domingo-en-intercontinental\">Vals regal disponibles aqu\u00ed<\/a><\/p>\t\t\t\t\t\t<\/div>\n\t\t\t\t<\/div>\n\t\t\t\t\t<\/div>\n\t\t<\/div>\n\t\t\t\t\t\t\t<\/div>\n\t\t<\/section>\n\t\t\t\t<section class=\"elementor-section elementor-top-section elementor-element elementor-element-1d1ee9d elementor-section-full_width elementor-section-height-default elementor-section-height-default elementor-invisible\" data-id=\"1d1ee9d\" data-element_type=\"section\" data-settings=\"{&quot;animation&quot;:&quot;fadeIn&quot;}\">\n\t\t\t\t\t\t<div class=\"elementor-container elementor-column-gap-default\">\n\t\t\t\t\t<div class=\"elementor-column elementor-col-33 elementor-top-column elementor-element elementor-element-3904275\" data-id=\"3904275\" data-element_type=\"column\">\n\t\t\t<div class=\"elementor-widget-wrap elementor-element-populated\">\n\t\t\t\t\t\t\t\t<div class=\"elementor-element elementor-element-43d39ba elementor-widget-divider--view-line elementor-widget elementor-widget-divider\" data-id=\"43d39ba\" data-element_type=\"widget\" data-widget_type=\"divider.default\">\n\t\t\t\t<div class=\"elementor-widget-container\">\n\t\t\t\t\t<div class=\"elementor-divider\">\n\t\t\t<span class=\"elementor-divider-separator\">\n\t\t\t\t\t\t<\/span>\n\t\t<\/div>\n\t\t\t\t<\/div>\n\t\t\t\t<\/div>\n\t\t\t\t\t<\/div>\n\t\t<\/div>\n\t\t\t\t<div class=\"elementor-column elementor-col-33 elementor-top-column elementor-element elementor-element-3e1bb3af\" data-id=\"3e1bb3af\" data-element_type=\"column\">\n\t\t\t<div class=\"elementor-widget-wrap elementor-element-populated\">\n\t\t\t\t\t\t\t\t<div class=\"elementor-element elementor-element-5958ce78 elementor-widget elementor-widget-image\" data-id=\"5958ce78\" data-element_type=\"widget\" data-widget_type=\"image.default\">\n\t\t\t\t<div class=\"elementor-widget-container\">\n\t\t\t\t\t\t\t\t\t\t\t\t\t\t\t<img decoding=\"async\" width=\"50\" height=\"74\" src=\"https:\/\/barcelona.intercontinental.com\/wp-content\/uploads\/2025\/02\/icono-1.png\" class=\"attachment-large size-large wp-image-13879\" alt=\"\" \/>\t\t\t\t\t\t\t\t\t\t\t\t\t\t\t<\/div>\n\t\t\t\t<\/div>\n\t\t\t\t\t<\/div>\n\t\t<\/div>\n\t\t\t\t<div class=\"elementor-column elementor-col-33 elementor-top-column elementor-element elementor-element-21e0e800\" data-id=\"21e0e800\" data-element_type=\"column\">\n\t\t\t<div class=\"elementor-widget-wrap elementor-element-populated\">\n\t\t\t\t\t\t\t\t<div class=\"elementor-element elementor-element-22133db elementor-widget-divider--view-line elementor-widget elementor-widget-divider\" data-id=\"22133db\" data-element_type=\"widget\" data-widget_type=\"divider.default\">\n\t\t\t\t<div class=\"elementor-widget-container\">\n\t\t\t\t\t<div class=\"elementor-divider\">\n\t\t\t<span class=\"elementor-divider-separator\">\n\t\t\t\t\t\t<\/span>\n\t\t<\/div>\n\t\t\t\t<\/div>\n\t\t\t\t<\/div>\n\t\t\t\t\t<\/div>\n\t\t<\/div>\n\t\t\t\t\t\t\t<\/div>\n\t\t<\/section>\n\t\t\t\t<section class=\"elementor-section elementor-top-section elementor-element elementor-element-5483719 elementor-section-boxed elementor-section-height-default elementor-section-height-default elementor-invisible\" data-id=\"5483719\" data-element_type=\"section\" data-settings=\"{&quot;animation&quot;:&quot;fadeIn&quot;}\">\n\t\t\t\t\t\t<div class=\"elementor-container elementor-column-gap-default\">\n\t\t\t\t\t<div class=\"elementor-column elementor-col-100 elementor-top-column elementor-element elementor-element-45f7118\" data-id=\"45f7118\" data-element_type=\"column\">\n\t\t\t<div class=\"elementor-widget-wrap elementor-element-populated\">\n\t\t\t\t\t\t\t\t<div class=\"elementor-element elementor-element-232a106 elementor-widget elementor-widget-text-editor\" data-id=\"232a106\" data-element_type=\"widget\" data-widget_type=\"text-editor.default\">\n\t\t\t\t<div class=\"elementor-widget-container\">\n\t\t\t\t\t\t\t<p><span style=\"white-space-collapse: preserve;\">InterContinental Barcelona\u00a0 | Av. de Rius i Taulet, 1-3, 08004 Barcelona\u00a0 | <\/span><span style=\"white-space-collapse: preserve;\">+34 934262223\u00a0 | reception@icbarcelona.com<\/span><\/p>\t\t\t\t\t\t<\/div>\n\t\t\t\t<\/div>\n\t\t\t\t<div class=\"elementor-element elementor-element-440028c elementor-widget elementor-widget-heading\" data-id=\"440028c\" data-element_type=\"widget\" data-widget_type=\"heading.default\">\n\t\t\t\t<div class=\"elementor-widget-container\">\n\t\t\t<h3 class=\"elementor-heading-title elementor-size-default\">Seguiu-nos<\/h3>\t\t<\/div>\n\t\t\t\t<\/div>\n\t\t\t\t<div class=\"elementor-element elementor-element-6842c29 elementor-shape-circle elementor-grid-0 e-grid-align-center elementor-widget elementor-widget-social-icons\" data-id=\"6842c29\" data-element_type=\"widget\" data-widget_type=\"social-icons.default\">\n\t\t\t\t<div class=\"elementor-widget-container\">\n\t\t\t\t\t<div class=\"elementor-social-icons-wrapper elementor-grid\">\n\t\t\t\t\t\t\t<span class=\"elementor-grid-item\">\n\t\t\t\t\t<a class=\"elementor-icon elementor-social-icon elementor-social-icon-facebook elementor-repeater-item-9dd6724\" href=\"https:\/\/www.facebook.com\/InterContinental-Barcelona-106892595068285\" target=\"_blank\">\n\t\t\t\t\t\t<span class=\"elementor-screen-only\">Facebook<\/span>\n\t\t\t\t\t\t<i class=\"fab fa-facebook\"><\/i>\t\t\t\t\t<\/a>\n\t\t\t\t<\/span>\n\t\t\t\t\t\t\t<span class=\"elementor-grid-item\">\n\t\t\t\t\t<a class=\"elementor-icon elementor-social-icon elementor-social-icon-instagram elementor-repeater-item-3084a36\" href=\"https:\/\/instagram.com\/intercontinental_barcelona?utm_medium=copy_link%20\" target=\"_blank\">\n\t\t\t\t\t\t<span class=\"elementor-screen-only\">Instagram<\/span>\n\t\t\t\t\t\t<i class=\"fab fa-instagram\"><\/i>\t\t\t\t\t<\/a>\n\t\t\t\t<\/span>\n\t\t\t\t\t\t\t<span class=\"elementor-grid-item\">\n\t\t\t\t\t<a class=\"elementor-icon elementor-social-icon elementor-social-icon-twitter elementor-repeater-item-1ac0a7e\" href=\"https:\/\/twitter.com\/ICBarcelona\" target=\"_blank\">\n\t\t\t\t\t\t<span class=\"elementor-screen-only\">Twitter<\/span>\n\t\t\t\t\t\t<i class=\"fab fa-twitter\"><\/i>\t\t\t\t\t<\/a>\n\t\t\t\t<\/span>\n\t\t\t\t\t<\/div>\n\t\t\t\t<\/div>\n\t\t\t\t<\/div>\n\t\t\t\t<div class=\"elementor-element elementor-element-e74dcb9 elementor-widget elementor-widget-heading\" data-id=\"e74dcb9\" data-element_type=\"widget\" data-widget_type=\"heading.default\">\n\t\t\t\t<div class=\"elementor-widget-container\">\n\t\t\t<h3 class=\"elementor-heading-title elementor-size-default\">Subscriguis al nostre butllet\u00ed i no es perdi cap de les nostres \u00faltimes novetats, descomptes o ofertes exclusives.<\/h3>\t\t<\/div>\n\t\t\t\t<\/div>\n\t\t\t\t<div class=\"elementor-element elementor-element-b825f27 elementor-widget elementor-widget-text-editor\" data-id=\"b825f27\" data-element_type=\"widget\" data-widget_type=\"text-editor.default\">\n\t\t\t\t<div class=\"elementor-widget-container\">\n\t\t\t\t\t\t\t<p style=\"text-align: center;\"><div\n\t\t\t\tid=\"hustle-embedded-id-8\"\n\t\t\t\tclass=\"hustle-ui hustle-inline hustle-palette--gray_slate hustle_module_id_8 module_id_8   hustle-size--custom\"\n\t\t\t\t\n\t\t\tdata-id=\"8\"\n\t\t\tdata-render-id=\"0\"\n\t\t\tdata-tracking=\"enabled\"\n\t\t\t\n\t\t\t\tdata-intro=\"no_animation\"\n\t\t\t\tdata-sub-type=\"shortcode\"\n\t\t\t\t\n\t\t\t\tstyle=\"opacity: 0;\"\n\t\t\t><div class=\"hustle-inline-content\"><div class=\"hustle-optin hustle-optin--compact\"><div class=\"hustle-optin-content\"><div class=\"hustle-success\" data-close-delay=\"false\" style=\"display: none;\"><span class=\"hustle-icon-check\" aria-hidden=\"true\"><\/span><div class=\"hustle-success-content\"><\/div><\/div><div class=\"hustle-layout\"><div class=\"hustle-main-wrapper\"><div class=\"hustle-layout-body\"><div class=\"hustle-layout-content\"><form class=\"hustle-layout-form\" novalidate=\"novalidate\"><div class=\"hustle-form hustle-form-inline\"><div class=\"hustle-form-fields hustle-proximity-separated\"><div class=\"hustle-field hustle-field-required \"><label for=\"hustle-field-name-module-8\" id=\"hustle-field-name-module-8-label\" class=\"hustle-screen-reader\">Name<\/label><input id=\"hustle-field-name-module-8\" type=\"name\" class=\"hustle-input \" name=\"name\" value=\"\" aria-labelledby=\"hustle-field-name-module-8-label\" data-validate=\"\" data-required-error=\"Your name is required.\" \/><span class=\"hustle-input-label\" aria-hidden=\"true\" style=\"flex-flow: row nowrap;\"><span>Name<\/span><\/span><\/div><div class=\"hustle-field hustle-field-required \"><label for=\"hustle-field-email-module-8\" id=\"hustle-field-email-module-8-label\" class=\"hustle-screen-reader\">Email<\/label><input id=\"hustle-field-email-module-8\" type=\"email\" class=\"hustle-input \" name=\"email\" value=\"\" aria-labelledby=\"hustle-field-email-module-8-label\" data-validate=\"1\" data-required-error=\"Email field is required.\" data-validation-error=\"Please enter a valid email.\" \/><span class=\"hustle-input-label\" aria-hidden=\"true\" style=\"flex-flow: row nowrap;\"><span>Enter your email address<\/span><\/span><\/div><button class=\"hustle-button hustle-button-submit \" aria-live=\"polite\" data-loading-text=\"Form is being submitted, please wait a bit.\"><span class=\"hustle-button-text\">Subscribe<\/span><span class=\"hustle-icon-loader hustle-loading-icon\" aria-hidden=\"true\"><\/span><\/button><\/div><\/div><input type=\"hidden\" name=\"hustle_module_id\" value=\"8\"><input type=\"hidden\" name=\"post_id\" value=\"0\"><input type=\"hidden\" name=\"hustle_sub_type\" value=\"shortcode\"><div class=\"hustle-error-message\" style=\"display: none;\" data-default-error=\"Something went wrong, please try again.\"><\/div><\/form><\/div><\/div><\/div><\/div><\/div><\/div><\/div><\/div><\/p>\t\t\t\t\t\t<\/div>\n\t\t\t\t<\/div>\n\t\t\t\t\t<\/div>\n\t\t<\/div>\n\t\t\t\t\t\t\t<\/div>\n\t\t<\/section>\n\t\t\t\t\t\t\t<\/div>\n\t\t","protected":false},"excerpt":{"rendered":"<p>Gaudeix del millor Brunch de diumenge a Barcelona i endinsa&#8217;t en una experi\u00e8ncia gastron\u00f2mica \u00fanica. Assaboreix una gran varietat de plats mentre gaudeixes de la m\u00fasica en directe. Podr\u00e0s delectar-te amb pernil ib\u00e8ric i risotto mantegat en roda de parmes\u00e0. Tot en el nostre Brunch de diumenge del restaurant Arrel. El Brunch m\u00e9s exclusiu de &#8230; <a title=\"Brunch CA\" class=\"read-more\" href=\"https:\/\/barcelona.intercontinental.com\/ca\/brunch\/\" aria-label=\"M\u00e9s sobre Brunch CA\">Llegiu m\u00e9s<\/a><\/p>\n","protected":false},"author":1,"featured_media":0,"parent":0,"menu_order":0,"comment_status":"closed","ping_status":"closed","template":"elementor_canvas","meta":{"footnotes":""},"acf":[],"_links":{"self":[{"href":"https:\/\/barcelona.intercontinental.com\/ca\/wp-json\/wp\/v2\/pages\/13709"}],"collection":[{"href":"https:\/\/barcelona.intercontinental.com\/ca\/wp-json\/wp\/v2\/pages"}],"about":[{"href":"https:\/\/barcelona.intercontinental.com\/ca\/wp-json\/wp\/v2\/types\/page"}],"author":[{"embeddable":true,"href":"https:\/\/barcelona.intercontinental.com\/ca\/wp-json\/wp\/v2\/users\/1"}],"replies":[{"embeddable":true,"href":"https:\/\/barcelona.intercontinental.com\/ca\/wp-json\/wp\/v2\/comments?post=13709"}],"version-history":[{"count":200,"href":"https:\/\/barcelona.intercontinental.com\/ca\/wp-json\/wp\/v2\/pages\/13709\/revisions"}],"predecessor-version":[{"id":19812,"href":"https:\/\/barcelona.intercontinental.com\/ca\/wp-json\/wp\/v2\/pages\/13709\/revisions\/19812"}],"wp:attachment":[{"href":"https:\/\/barcelona.intercontinental.com\/ca\/wp-json\/wp\/v2\/media?parent=13709"}],"curies":[{"name":"wp","href":"https:\/\/api.w.org\/{rel}","templated":true}]}}