{"id":10965,"date":"2024-03-20T08:03:14","date_gmt":"2024-03-20T08:03:14","guid":{"rendered":"https:\/\/barcelona.intercontinental.com\/?page_id=10965"},"modified":"2024-03-21T16:51:13","modified_gmt":"2024-03-21T16:51:13","slug":"fallin9-club-privee","status":"publish","type":"page","link":"https:\/\/barcelona.intercontinental.com\/ca\/fallin9-club-privee\/","title":{"rendered":"Fallin9 Club Priv\u00e9e"},"content":{"rendered":"\t\t<div data-elementor-type=\"wp-page\" data-elementor-id=\"10965\" class=\"elementor elementor-10965 elementor-10963\" data-elementor-post-type=\"page\">\n\t\t\t\t\t\t\t\t\t<section class=\"elementor-section elementor-top-section elementor-element elementor-element-21657703 elementor-section-stretched parallax parallax-room elementor-section-boxed elementor-section-height-default elementor-section-height-default\" data-id=\"21657703\" data-element_type=\"section\" data-settings=\"{&quot;stretch_section&quot;:&quot;section-stretched&quot;,&quot;background_background&quot;:&quot;classic&quot;}\">\n\t\t\t\t\t\t<div class=\"elementor-container elementor-column-gap-default\">\n\t\t\t\t\t<div class=\"elementor-column elementor-col-100 elementor-top-column elementor-element elementor-element-389b5b2c\" data-id=\"389b5b2c\" data-element_type=\"column\">\n\t\t\t<div class=\"elementor-widget-wrap\">\n\t\t\t\t\t\t\t\t\t<\/div>\n\t\t<\/div>\n\t\t\t\t\t\t\t<\/div>\n\t\t<\/section>\n\t\t\t\t<section class=\"elementor-section elementor-top-section elementor-element elementor-element-22dc959 elementor-section-stretched elementor-section-boxed elementor-section-height-default elementor-section-height-default\" data-id=\"22dc959\" data-element_type=\"section\" data-settings=\"{&quot;stretch_section&quot;:&quot;section-stretched&quot;}\">\n\t\t\t\t\t\t<div class=\"elementor-container elementor-column-gap-default\">\n\t\t\t\t\t<div class=\"elementor-column elementor-col-100 elementor-top-column elementor-element elementor-element-114d5679\" data-id=\"114d5679\" data-element_type=\"column\">\n\t\t\t<div class=\"elementor-widget-wrap elementor-element-populated\">\n\t\t\t\t\t\t\t\t<div class=\"elementor-element elementor-element-3672cb94 elementor-widget elementor-widget-heading\" data-id=\"3672cb94\" data-element_type=\"widget\" data-widget_type=\"heading.default\">\n\t\t\t\t<div class=\"elementor-widget-container\">\n\t\t\t<h2 class=\"elementor-heading-title elementor-size-xl\">FALLIN9 CLUB PRIV\u00c9E<\/h2>\t\t<\/div>\n\t\t\t\t<\/div>\n\t\t\t\t<div class=\"elementor-element elementor-element-4ec67f89 separator elementor-widget-divider--view-line elementor-widget elementor-widget-divider\" data-id=\"4ec67f89\" data-element_type=\"widget\" data-widget_type=\"divider.default\">\n\t\t\t\t<div class=\"elementor-widget-container\">\n\t\t\t\t\t<div class=\"elementor-divider\">\n\t\t\t<span class=\"elementor-divider-separator\">\n\t\t\t\t\t\t<\/span>\n\t\t<\/div>\n\t\t\t\t<\/div>\n\t\t\t\t<\/div>\n\t\t\t\t\t<\/div>\n\t\t<\/div>\n\t\t\t\t\t\t\t<\/div>\n\t\t<\/section>\n\t\t\t\t<section class=\"elementor-section elementor-top-section elementor-element elementor-element-5dcd70c7 elementor-section-stretched elementor-section-boxed elementor-section-height-default elementor-section-height-default\" data-id=\"5dcd70c7\" data-element_type=\"section\" data-settings=\"{&quot;stretch_section&quot;:&quot;section-stretched&quot;}\">\n\t\t\t\t\t\t<div class=\"elementor-container elementor-column-gap-default\">\n\t\t\t\t\t<div class=\"elementor-column elementor-col-50 elementor-top-column elementor-element elementor-element-44ac4eeb\" data-id=\"44ac4eeb\" data-element_type=\"column\">\n\t\t\t<div class=\"elementor-widget-wrap elementor-element-populated\">\n\t\t\t\t\t\t\t\t<div class=\"elementor-element elementor-element-40b91e3d elementor-widget elementor-widget-text-editor\" data-id=\"40b91e3d\" data-element_type=\"widget\" data-widget_type=\"text-editor.default\">\n\t\t\t\t<div class=\"elementor-widget-container\">\n\t\t\t\t\t\t\t<p style=\"text-align: center;\">Si des de l&#8217;alt m\u00e9s alt del nostre hotel es pot contemplar la ciutat amb tot luxe de detalls, a Fallin9 Club Priv\u00e9e us oferim una altra visi\u00f3 de Barcelona. Aqu\u00ed els jocs de llums i m\u00fasica contrasten amb el nostre rooftop com el cel i la terra. Nou pisos per sota del cim de l&#8217;hotel es troba aquest espai privat. Dissenyat per provocar els sentits i donar-los lliure regna, per\u00f2 sobretot \u00e9s un lloc especial per lliscar cap a tot el que no es veu a simple vista. Benvinguts a Fallin9 Club Priv\u00e9e<\/p><p style=\"text-align: center;\"><b style=\"color: var( --e-global-color-text ); font-family: var( --e-global-typography-text-font-family ), Sans-serif;\">Contacteu amb nosaltres<\/b><\/p><p style=\"text-align: center;\"><b>\u00a0<\/b><strong style=\"color: var( --e-global-color-text ); font-family: var( --e-global-typography-text-font-family ), Sans-serif;\"><a href=\"mailto:groups@icbarcelona.com\">groups@icbarcelona.com<\/a><\/strong><\/p>\t\t\t\t\t\t<\/div>\n\t\t\t\t<\/div>\n\t\t\t\t\t<\/div>\n\t\t<\/div>\n\t\t\t\t<div class=\"elementor-column elementor-col-50 elementor-top-column elementor-element elementor-element-7f561f7\" data-id=\"7f561f7\" data-element_type=\"column\">\n\t\t\t<div class=\"elementor-widget-wrap elementor-element-populated\">\n\t\t\t\t\t\t\t\t<div class=\"elementor-element elementor-element-c80161c elementor-skin-slideshow elementor-arrows-yes elementor-widget elementor-widget-media-carousel\" data-id=\"c80161c\" data-element_type=\"widget\" data-settings=\"{&quot;skin&quot;:&quot;slideshow&quot;,&quot;effect&quot;:&quot;slide&quot;,&quot;show_arrows&quot;:&quot;yes&quot;,&quot;speed&quot;:500,&quot;autoplay&quot;:&quot;yes&quot;,&quot;autoplay_speed&quot;:5000,&quot;loop&quot;:&quot;yes&quot;,&quot;pause_on_hover&quot;:&quot;yes&quot;,&quot;pause_on_interaction&quot;:&quot;yes&quot;,&quot;space_between&quot;:{&quot;unit&quot;:&quot;px&quot;,&quot;size&quot;:10,&quot;sizes&quot;:[]},&quot;space_between_tablet&quot;:{&quot;unit&quot;:&quot;px&quot;,&quot;size&quot;:10,&quot;sizes&quot;:[]},&quot;space_between_mobile&quot;:{&quot;unit&quot;:&quot;px&quot;,&quot;size&quot;:10,&quot;sizes&quot;:[]}}\" data-widget_type=\"media-carousel.default\">\n\t\t\t\t<div class=\"elementor-widget-container\">\n\t\t\t\t\t<div class=\"elementor-swiper\">\n\t\t\t<div class=\"elementor-main-swiper swiper-container\">\n\t\t\t\t<div class=\"swiper-wrapper\">\n\t\t\t\t\t\t\t\t\t\t\t<div class=\"swiper-slide\">\n\t\t\t\t\t\t\t\t\t<div class=\"elementor-carousel-image\" role=\"img\" aria-label=\"Fallin9 Club Priv\u00e9e\" style=\"background-image: url(&#039;https:\/\/barcelona.intercontinental.com\/wp-content\/uploads\/2024\/03\/F9_25.jpg&#039;)\">\n\n\t\t\t\n\t\t\t\t\t<\/div>\n\t\t\t\t\t\t\t\t<\/div>\n\t\t\t\t\t\t\t\t\t\t\t<div class=\"swiper-slide\">\n\t\t\t\t\t\t\t\t\t<div class=\"elementor-carousel-image\" role=\"img\" aria-label=\"Fallin9 Club Priv\u00e9e\" style=\"background-image: url(&#039;https:\/\/barcelona.intercontinental.com\/wp-content\/uploads\/2024\/03\/fiesta.jpg&#039;)\">\n\n\t\t\t\n\t\t\t\t\t<\/div>\n\t\t\t\t\t\t\t\t<\/div>\n\t\t\t\t\t\t\t\t\t\t\t<div class=\"swiper-slide\">\n\t\t\t\t\t\t\t\t\t<div class=\"elementor-carousel-image\" role=\"img\" aria-label=\"Fallin9 Club Priv\u00e9e\" style=\"background-image: url(&#039;https:\/\/barcelona.intercontinental.com\/wp-content\/uploads\/2024\/03\/20220502_152206.jpg&#039;)\">\n\n\t\t\t\n\t\t\t\t\t<\/div>\n\t\t\t\t\t\t\t\t<\/div>\n\t\t\t\t\t\t\t\t\t\t\t<div class=\"swiper-slide\">\n\t\t\t\t\t\t\t\t\t<div class=\"elementor-carousel-image\" role=\"img\" aria-label=\"Fallin9 Club Priv\u00e9e\" style=\"background-image: url(&#039;https:\/\/barcelona.intercontinental.com\/wp-content\/uploads\/2024\/03\/FOTO-FIESTA.jpg&#039;)\">\n\n\t\t\t\n\t\t\t\t\t<\/div>\n\t\t\t\t\t\t\t\t<\/div>\n\t\t\t\t\t\t\t\t\t\t\t<div class=\"swiper-slide\">\n\t\t\t\t\t\t\t\t\t<div class=\"elementor-carousel-image\" role=\"img\" aria-label=\"Fallin9 Club Priv\u00e9e\" style=\"background-image: url(&#039;https:\/\/barcelona.intercontinental.com\/wp-content\/uploads\/2024\/03\/20220502_152504.jpg&#039;)\">\n\n\t\t\t\n\t\t\t\t\t<\/div>\n\t\t\t\t\t\t\t\t<\/div>\n\t\t\t\t\t\t\t\t\t\t\t<div class=\"swiper-slide\">\n\t\t\t\t\t\t\t\t\t<div class=\"elementor-carousel-image\" role=\"img\" aria-label=\"F9_11\" style=\"background-image: url(&#039;https:\/\/barcelona.intercontinental.com\/wp-content\/uploads\/2022\/09\/F9_11.jpg&#039;)\">\n\n\t\t\t\n\t\t\t\t\t<\/div>\n\t\t\t\t\t\t\t\t<\/div>\n\t\t\t\t\t\t\t\t\t\t\t<div class=\"swiper-slide\">\n\t\t\t\t\t\t\t\t\t<div class=\"elementor-carousel-image\" role=\"img\" aria-label=\"Fallin9 Club Priv\u00e9e\" style=\"background-image: url(&#039;https:\/\/barcelona.intercontinental.com\/wp-content\/uploads\/2024\/03\/20220502_152748.jpg&#039;)\">\n\n\t\t\t\n\t\t\t\t\t<\/div>\n\t\t\t\t\t\t\t\t<\/div>\n\t\t\t\t\t\t\t\t\t\t\t<div class=\"swiper-slide\">\n\t\t\t\t\t\t\t\t\t<div class=\"elementor-carousel-image\" role=\"img\" aria-label=\"Fallin9 Club Priv\u00e9e\" style=\"background-image: url(&#039;https:\/\/barcelona.intercontinental.com\/wp-content\/uploads\/2024\/03\/20220502_140522.jpg&#039;)\">\n\n\t\t\t\n\t\t\t\t\t<\/div>\n\t\t\t\t\t\t\t\t<\/div>\n\t\t\t\t\t\t\t\t\t\t\t<div class=\"swiper-slide\">\n\t\t\t\t\t\t\t\t\t<div class=\"elementor-carousel-image\" role=\"img\" aria-label=\"Fallin9_junio_41\" style=\"background-image: url(&#039;https:\/\/barcelona.intercontinental.com\/wp-content\/uploads\/2022\/09\/Fallin9_junio_41.jpg&#039;)\">\n\n\t\t\t\n\t\t\t\t\t<\/div>\n\t\t\t\t\t\t\t\t<\/div>\n\t\t\t\t\t\t\t\t\t<\/div>\n\t\t\t\t\t\t\t\t\t\t\t\t\t\t\t\t\t\t\t\t<div class=\"elementor-swiper-button elementor-swiper-button-prev\" role=\"button\" tabindex=\"0\">\n\t\t\t\t\t\t\t<i aria-hidden=\"true\" class=\"eicon-chevron-left\"><\/i>\t\t\t\t\t\t\t<span class=\"elementor-screen-only\">Previous<\/span>\n\t\t\t\t\t\t<\/div>\n\t\t\t\t\t\t<div class=\"elementor-swiper-button elementor-swiper-button-next\" role=\"button\" tabindex=\"0\">\n\t\t\t\t\t\t\t<i aria-hidden=\"true\" class=\"eicon-chevron-right\"><\/i>\t\t\t\t\t\t\t<span class=\"elementor-screen-only\">Next<\/span>\n\t\t\t\t\t\t<\/div>\n\t\t\t\t\t\t\t\t\t\t\t\t<\/div>\n\t\t<\/div>\n\t\t\t\t<div class=\"elementor-swiper\">\n\t\t\t<div class=\"elementor-thumbnails-swiper swiper-container\">\n\t\t\t\t<div class=\"swiper-wrapper\">\n\t\t\t\t\t\t\t\t\t\t\t<div class=\"swiper-slide\">\n\t\t\t\t\t\t\t\t\t<div class=\"elementor-carousel-image\" role=\"img\" aria-label=\"Fallin9 Club Priv\u00e9e\" style=\"background-image: url(&#039;https:\/\/barcelona.intercontinental.com\/wp-content\/uploads\/2024\/03\/F9_25.jpg&#039;)\">\n\n\t\t\t\n\t\t\t\t\t<\/div>\n\t\t\t\t\t\t\t\t<\/div>\n\t\t\t\t\t\t\t\t\t\t\t<div class=\"swiper-slide\">\n\t\t\t\t\t\t\t\t\t<div class=\"elementor-carousel-image\" role=\"img\" aria-label=\"Fallin9 Club Priv\u00e9e\" style=\"background-image: url(&#039;https:\/\/barcelona.intercontinental.com\/wp-content\/uploads\/2024\/03\/fiesta.jpg&#039;)\">\n\n\t\t\t\n\t\t\t\t\t<\/div>\n\t\t\t\t\t\t\t\t<\/div>\n\t\t\t\t\t\t\t\t\t\t\t<div class=\"swiper-slide\">\n\t\t\t\t\t\t\t\t\t<div class=\"elementor-carousel-image\" role=\"img\" aria-label=\"Fallin9 Club Priv\u00e9e\" style=\"background-image: url(&#039;https:\/\/barcelona.intercontinental.com\/wp-content\/uploads\/2024\/03\/20220502_152206.jpg&#039;)\">\n\n\t\t\t\n\t\t\t\t\t<\/div>\n\t\t\t\t\t\t\t\t<\/div>\n\t\t\t\t\t\t\t\t\t\t\t<div class=\"swiper-slide\">\n\t\t\t\t\t\t\t\t\t<div class=\"elementor-carousel-image\" role=\"img\" aria-label=\"Fallin9 Club Priv\u00e9e\" style=\"background-image: url(&#039;https:\/\/barcelona.intercontinental.com\/wp-content\/uploads\/2024\/03\/FOTO-FIESTA.jpg&#039;)\">\n\n\t\t\t\n\t\t\t\t\t<\/div>\n\t\t\t\t\t\t\t\t<\/div>\n\t\t\t\t\t\t\t\t\t\t\t<div class=\"swiper-slide\">\n\t\t\t\t\t\t\t\t\t<div class=\"elementor-carousel-image\" role=\"img\" aria-label=\"Fallin9 Club Priv\u00e9e\" style=\"background-image: url(&#039;https:\/\/barcelona.intercontinental.com\/wp-content\/uploads\/2024\/03\/20220502_152504.jpg&#039;)\">\n\n\t\t\t\n\t\t\t\t\t<\/div>\n\t\t\t\t\t\t\t\t<\/div>\n\t\t\t\t\t\t\t\t\t\t\t<div class=\"swiper-slide\">\n\t\t\t\t\t\t\t\t\t<div class=\"elementor-carousel-image\" role=\"img\" aria-label=\"F9_11\" style=\"background-image: url(&#039;https:\/\/barcelona.intercontinental.com\/wp-content\/uploads\/2022\/09\/F9_11.jpg&#039;)\">\n\n\t\t\t\n\t\t\t\t\t<\/div>\n\t\t\t\t\t\t\t\t<\/div>\n\t\t\t\t\t\t\t\t\t\t\t<div class=\"swiper-slide\">\n\t\t\t\t\t\t\t\t\t<div class=\"elementor-carousel-image\" role=\"img\" aria-label=\"Fallin9 Club Priv\u00e9e\" style=\"background-image: url(&#039;https:\/\/barcelona.intercontinental.com\/wp-content\/uploads\/2024\/03\/20220502_152748.jpg&#039;)\">\n\n\t\t\t\n\t\t\t\t\t<\/div>\n\t\t\t\t\t\t\t\t<\/div>\n\t\t\t\t\t\t\t\t\t\t\t<div class=\"swiper-slide\">\n\t\t\t\t\t\t\t\t\t<div class=\"elementor-carousel-image\" role=\"img\" aria-label=\"Fallin9 Club Priv\u00e9e\" style=\"background-image: url(&#039;https:\/\/barcelona.intercontinental.com\/wp-content\/uploads\/2024\/03\/20220502_140522.jpg&#039;)\">\n\n\t\t\t\n\t\t\t\t\t<\/div>\n\t\t\t\t\t\t\t\t<\/div>\n\t\t\t\t\t\t\t\t\t\t\t<div class=\"swiper-slide\">\n\t\t\t\t\t\t\t\t\t<div class=\"elementor-carousel-image\" role=\"img\" aria-label=\"Fallin9_junio_41\" style=\"background-image: url(&#039;https:\/\/barcelona.intercontinental.com\/wp-content\/uploads\/2022\/09\/Fallin9_junio_41.jpg&#039;)\">\n\n\t\t\t\n\t\t\t\t\t<\/div>\n\t\t\t\t\t\t\t\t<\/div>\n\t\t\t\t\t\t\t\t\t<\/div>\n\t\t\t\t\t\t\t\t\t\t\t\t\t\t\t\t\t\t\t\t\t<\/div>\n\t\t<\/div>\n\t\t\t\t<\/div>\n\t\t\t\t<\/div>\n\t\t\t\t\t<\/div>\n\t\t<\/div>\n\t\t\t\t\t\t\t<\/div>\n\t\t<\/section>\n\t\t\t\t\t\t\t<\/div>\n\t\t","protected":false},"excerpt":{"rendered":"<p>FALLIN9 CLUB PRIV\u00c9E Si des de l&#8217;alt m\u00e9s alt del nostre hotel es pot contemplar la ciutat amb tot luxe de detalls, a Fallin9 Club Priv\u00e9e us oferim una altra visi\u00f3 de Barcelona. Aqu\u00ed els jocs de llums i m\u00fasica contrasten amb el nostre rooftop com el cel i la terra. Nou pisos per sota &#8230; <a title=\"Fallin9 Club Priv\u00e9e\" class=\"read-more\" href=\"https:\/\/barcelona.intercontinental.com\/ca\/fallin9-club-privee\/\" aria-label=\"M\u00e9s sobre Fallin9 Club Priv\u00e9e\">Llegiu m\u00e9s<\/a><\/p>\n","protected":false},"author":1,"featured_media":0,"parent":0,"menu_order":0,"comment_status":"closed","ping_status":"closed","template":"","meta":{"footnotes":""},"acf":[],"_links":{"self":[{"href":"https:\/\/barcelona.intercontinental.com\/ca\/wp-json\/wp\/v2\/pages\/10965"}],"collection":[{"href":"https:\/\/barcelona.intercontinental.com\/ca\/wp-json\/wp\/v2\/pages"}],"about":[{"href":"https:\/\/barcelona.intercontinental.com\/ca\/wp-json\/wp\/v2\/types\/page"}],"author":[{"embeddable":true,"href":"https:\/\/barcelona.intercontinental.com\/ca\/wp-json\/wp\/v2\/users\/1"}],"replies":[{"embeddable":true,"href":"https:\/\/barcelona.intercontinental.com\/ca\/wp-json\/wp\/v2\/comments?post=10965"}],"version-history":[{"count":11,"href":"https:\/\/barcelona.intercontinental.com\/ca\/wp-json\/wp\/v2\/pages\/10965\/revisions"}],"predecessor-version":[{"id":11155,"href":"https:\/\/barcelona.intercontinental.com\/ca\/wp-json\/wp\/v2\/pages\/10965\/revisions\/11155"}],"wp:attachment":[{"href":"https:\/\/barcelona.intercontinental.com\/ca\/wp-json\/wp\/v2\/media?parent=10965"}],"curies":[{"name":"wp","href":"https:\/\/api.w.org\/{rel}","templated":true}]}}